{"id":155072,"date":"2025-06-23T18:07:50","date_gmt":"2025-06-23T16:07:50","guid":{"rendered":"https:\/\/mlin.es\/tienda\/producto\/faldon-trasero-para-audi-a3-8p-hl160\/"},"modified":"2025-09-11T12:33:22","modified_gmt":"2025-09-11T10:33:22","slug":"faldon-trasero-para-audi-a3-8p-hl160","status":"publish","type":"product","link":"https:\/\/mlin.es\/tienda\/producto\/faldon-trasero-para-audi-a3-8p-hl160\/","title":{"rendered":"Fald\u00f3n trasero para Audi A3 8P HL160"},"content":{"rendered":"<p>Aler\u00f3n trasero CSR-Automotive para Audi A3 8P<\/b><UL><LI>Aler\u00f3n trasero compatible con Audi A3 8P fabricado entre 2003 y 2013<\/LI><LI>Compatible con todos los modelos\/carrocer\u00edas<\/LI><LI>No apto para descapotables<\/LI><LI>Con certificado de piezas espec\u00edfico para el veh\u00edculo para la aprobaci\u00f3n de la instalaci\u00f3n seg\u00fan el \u00a7 19.3 del StVZO<\/LI><LI>La instalaci\u00f3n es muy sencilla gracias a la tira adhesiva integrada y el aler\u00f3n se fija en segundos<\/LI><LI>El m\u00e9todo de fijaci\u00f3n, as\u00ed como las propiedades aerodin\u00e1micas y el comportamiento del material, est\u00e1n probados y homologados<\/LI><LI>Incluye instrucciones de instalaci\u00f3n<\/LI><LI>El aler\u00f3n trasero est\u00e1 fabricado con pl\u00e1stico flexible de alta calidad<\/LI><LI>Su estructura superficial uniforme permite pintarlo sin necesidad de una preparaci\u00f3n exhaustiva (el producto no est\u00e1 pintado)<\/LI><LI>El material es flexible<\/LI><LI>La imagen muestra el art\u00edculo en un Audi A3 8V Sportback<\/LI><\/UL><\/p>\n","protected":false},"excerpt":{"rendered":"<p>Borde del aler\u00f3n\/borde con certificado de piezas espec\u00edfico del veh\u00edculo<\/p>\n","protected":false},"featured_media":148670,"comment_status":"closed","ping_status":"open","template":"","meta":[],"product_cat":[],"product_tag":[12841],"class_list":{"0":"post-155072","1":"product","2":"type-product","3":"status-publish","4":"has-post-thumbnail","6":"product_tag-csr","7":"product_shipping_class-csr","9":"first","10":"instock","11":"taxable","12":"shipping-taxable","13":"purchasable","14":"product-type-simple"},"_links":{"self":[{"href":"https:\/\/mlin.es\/tienda\/wp-json\/wp\/v2\/product\/155072","targetHints":{"allow":["GET"]}}],"collection":[{"href":"https:\/\/mlin.es\/tienda\/wp-json\/wp\/v2\/product"}],"about":[{"href":"https:\/\/mlin.es\/tienda\/wp-json\/wp\/v2\/types\/product"}],"replies":[{"embeddable":true,"href":"https:\/\/mlin.es\/tienda\/wp-json\/wp\/v2\/comments?post=155072"}],"wp:featuredmedia":[{"embeddable":true,"href":"https:\/\/mlin.es\/tienda\/wp-json\/wp\/v2\/media\/148670"}],"wp:attachment":[{"href":"https:\/\/mlin.es\/tienda\/wp-json\/wp\/v2\/media?parent=155072"}],"wp:term":[{"taxonomy":"product_cat","embeddable":true,"href":"https:\/\/mlin.es\/tienda\/wp-json\/wp\/v2\/product_cat?post=155072"},{"taxonomy":"product_tag","embeddable":true,"href":"https:\/\/mlin.es\/tienda\/wp-json\/wp\/v2\/product_tag?post=155072"}],"curies":[{"name":"wp","href":"https:\/\/api.w.org\/{rel}","templated":true}]}}