{"id":152012,"date":"2026-03-03T23:08:26","date_gmt":"2026-03-03T22:08:26","guid":{"rendered":"https:\/\/mlin.es\/tienda\/producto\/faldon-de-aleron-de-copa-con-abe-para-audi-a3-8v-csl393-s\/"},"modified":"2026-03-03T23:08:26","modified_gmt":"2026-03-03T22:08:26","slug":"csr-csl393-s","status":"publish","type":"product","link":"https:\/\/mlin.es\/tienda\/producto\/csr-csl393-s\/","title":{"rendered":"CSR-CSL393-S"},"content":{"rendered":"<p><b>CSR-Automotive Frontspoiler | Cup-Spoilerlippe f\u00fcr Audi A3 8V mit ABE (Eintragungsfrei!)<\/b><UL><LI>Cupspoilerlippe passend f\u00fcr Audi A3 8V Baujahr 04\/2016-<\/LI><LI>passend f\u00fcr alle Modell-\/Karosserievariante(n) ausgenommen Cabrio und Limousine<\/LI><LI>nicht passend f\u00fcr S-Line, S und RS<\/LI><LI>Sportliche Optik und integrierter Unterfahrschutz f\u00fcr Ihre originale Sto\u00dfstange<\/LI><LI>Wird an der originalen Sto\u00dfstange vernietet, Montagematerial wird mitgeliefert<\/LI><LI>Mit <b>ABE (allgemeine Betriebserlaubnis)<\/b> und somit eintragungsfrei<\/LI><LI>Gute Passform, da kein Universalteil sondern speziell f\u00fcr diesen Fahrzeugtyp entwickelt!<\/LI><LI>Cupspoilerlippe ist aus hochwertigem Material ABS gefertigt und mit einer strukturierten (gerillten) Oberfl\u00e4che versehen, dadurch ist die Spoilerlippe sehr unanf\u00e4llig gegen\u00fcber Kratzern<\/LI><LI>Durch die strukturierte Oberfl\u00e4che ist optisch keine Lackierung notwendig! Selbstverst\u00e4ndlich erlaubt die Oberfl\u00e4chenstruktur trotzdem eine Lackierung (Produkt ist unlackiert)<\/LI><LI>Inklusive Montageanleitung<\/LI><LI>Material ist flexibel<\/LI><\/UL><\/p>\n","protected":false},"excerpt":{"rendered":"<p>Frontspoiler | Cup-Spoilerlippe &#8211; Eintragungsfrei mit ABE \/ in schwarz matt<\/p>\n","protected":false},"featured_media":152013,"comment_status":"closed","ping_status":"open","template":"","meta":[],"product_cat":[],"product_tag":[12841],"class_list":{"0":"post-152012","1":"product","2":"type-product","3":"status-publish","4":"has-post-thumbnail","6":"product_tag-csr","7":"product_shipping_class-csr","9":"first","10":"instock","11":"taxable","12":"shipping-taxable","13":"purchasable","14":"product-type-simple"},"_links":{"self":[{"href":"https:\/\/mlin.es\/tienda\/wp-json\/wp\/v2\/product\/152012","targetHints":{"allow":["GET"]}}],"collection":[{"href":"https:\/\/mlin.es\/tienda\/wp-json\/wp\/v2\/product"}],"about":[{"href":"https:\/\/mlin.es\/tienda\/wp-json\/wp\/v2\/types\/product"}],"replies":[{"embeddable":true,"href":"https:\/\/mlin.es\/tienda\/wp-json\/wp\/v2\/comments?post=152012"}],"wp:featuredmedia":[{"embeddable":true,"href":"https:\/\/mlin.es\/tienda\/wp-json\/wp\/v2\/media\/152013"}],"wp:attachment":[{"href":"https:\/\/mlin.es\/tienda\/wp-json\/wp\/v2\/media?parent=152012"}],"wp:term":[{"taxonomy":"product_cat","embeddable":true,"href":"https:\/\/mlin.es\/tienda\/wp-json\/wp\/v2\/product_cat?post=152012"},{"taxonomy":"product_tag","embeddable":true,"href":"https:\/\/mlin.es\/tienda\/wp-json\/wp\/v2\/product_tag?post=152012"}],"curies":[{"name":"wp","href":"https:\/\/api.w.org\/{rel}","templated":true}]}}