{"id":149379,"date":"2026-03-03T21:19:22","date_gmt":"2026-03-03T20:19:22","guid":{"rendered":"https:\/\/mlin.es\/tienda\/producto\/aleron-trasero-para-audi-a3-8v-5-puertas-s-line-s3-rs3-hf523\/"},"modified":"2026-03-03T21:19:22","modified_gmt":"2026-03-03T20:19:22","slug":"csr-hf523","status":"publish","type":"product","link":"https:\/\/mlin.es\/tienda\/producto\/csr-hf523\/","title":{"rendered":"CSR-HF523"},"content":{"rendered":"<p><b>CSR-Automotive Heckspoiler | Heckfl\u00fcgel f\u00fcr Audi A3 8V 5-T\u00fcrer<\/b><UL><LI>Heckspoiler passend f\u00fcr Audi A3 8V 5T\u00fcrer Baujahr ab 03\/2012<br \/>passend f\u00fcr die Modell-\/Karosserievarianten A3 mit S-Line Exterieur \/ S3 \/ RS3 (5-T\u00fcrer !)<\/LI><LI>nicht passen an Limousine und Cabio<\/LI><LI>Ohne Gutachten, daher <b>Einzelabnahme nach \u00a721 StVZO<\/b> erforderlich. Auf Wunsch liefern wir diesen Artikel mit einem Materialgutachten.<\/LI><LI>Inkl. Montagezubeh\u00f6r, sofern notwendig<\/LI><LI>Inklusive Montageanleitung<\/LI><LI>Heckspoiler ist aus dem innovativen und hochwertigen Material <b>Fiberflex<\/b> gefertigt. Die Vorteile dieses neuartigen Verbundwerkstoffes: Extrem hohe Flexibilit\u00e4t bei gleichzeitig gro\u00dfer Stabilit\u00e4t, Splitterfestigkeit, und Nichtentflammbarkeit. Eine sehr hohe Fertigungsqualit\u00e4t und das geringe Gewicht erlauben sogar einen Einsatz im Profirennsport. Die charakteristische schwarze Oberfl\u00e4che zeichnet sich durch gute Bearbeitungsm\u00f6glichkeiten aus und garantiert professionelle Ergebnisse. Produkte aus Fiberflex von CSR-Automotive eignen sich dank bester Schneid- und Klebeeigenschaften in hervorragender Weise f\u00fcr Reparatur- und weitere Umbauarbeiten.<\/LI><LI>Gleichm\u00e4\u00dfige Oberfl\u00e4chenstruktur erm\u00f6glicht eine Lackierung ohne gro\u00dfe Vorarbeiten (Produkt ist unlackiert)<\/LI><LI>Die Artikelbilder zeigen einen optisch identischen Artikel (CSR-HF513)<\/LI><\/UL><\/p>\n","protected":false},"excerpt":{"rendered":"<p>Heck Fl\u00fcgel<\/p>\n","protected":false},"featured_media":148957,"comment_status":"closed","ping_status":"open","template":"","meta":[],"product_cat":[],"product_tag":[12841],"class_list":{"0":"post-149379","1":"product","2":"type-product","3":"status-publish","4":"has-post-thumbnail","6":"product_tag-csr","7":"product_shipping_class-csr","9":"first","10":"instock","11":"taxable","12":"shipping-taxable","13":"purchasable","14":"product-type-simple"},"_links":{"self":[{"href":"https:\/\/mlin.es\/tienda\/wp-json\/wp\/v2\/product\/149379","targetHints":{"allow":["GET"]}}],"collection":[{"href":"https:\/\/mlin.es\/tienda\/wp-json\/wp\/v2\/product"}],"about":[{"href":"https:\/\/mlin.es\/tienda\/wp-json\/wp\/v2\/types\/product"}],"replies":[{"embeddable":true,"href":"https:\/\/mlin.es\/tienda\/wp-json\/wp\/v2\/comments?post=149379"}],"wp:featuredmedia":[{"embeddable":true,"href":"https:\/\/mlin.es\/tienda\/wp-json\/wp\/v2\/media\/148957"}],"wp:attachment":[{"href":"https:\/\/mlin.es\/tienda\/wp-json\/wp\/v2\/media?parent=149379"}],"wp:term":[{"taxonomy":"product_cat","embeddable":true,"href":"https:\/\/mlin.es\/tienda\/wp-json\/wp\/v2\/product_cat?post=149379"},{"taxonomy":"product_tag","embeddable":true,"href":"https:\/\/mlin.es\/tienda\/wp-json\/wp\/v2\/product_tag?post=149379"}],"curies":[{"name":"wp","href":"https:\/\/api.w.org\/{rel}","templated":true}]}}