{"id":148964,"date":"2026-03-03T21:02:17","date_gmt":"2026-03-03T20:02:17","guid":{"rendered":"https:\/\/mlin.es\/tienda\/producto\/kit-de-carroceria-y-aleron-tuning-para-mercedes-benz-vito-w639-v639-bk322\/"},"modified":"2026-03-03T21:02:17","modified_gmt":"2026-03-03T20:02:17","slug":"csr-bk322","status":"publish","type":"product","link":"https:\/\/mlin.es\/tienda\/producto\/csr-bk322\/","title":{"rendered":"CSR-BK322"},"content":{"rendered":"<p><b>CSR-Automotive Bodykit f\u00fcr Mercedes-Benz Vito W639 V639<\/b><br \/>Perfekte Optik aus einem Guss &#8211; Das bieten Ihnen die CSR-Automotive Bodykits. Ein komplettes Tuningpaket &#8211; abgestimmt auf Ihr Fahrzeug. <strong>Nutzen Sie Ihren Preisvorteil von EUR 100,00 <\/strong>gegen\u00fcber dem Kauf der in diesem Bodykit-Set enthaltenen Einzelteile (Der regul\u00e4re Preis betr\u00e4gt EUR 635,00)! Der Lieferumfang umfasst:<UL><LI>Bodykit Tuningpaket passend f\u00fcr passend f\u00fcr Mercedes-Benz Vito W639 V639 Baujahr 10\/2010-2014<\/LI><LI>passend f\u00fcr alle Modell-\/Karosserievarianten der kurzen Version mit nur einer Schiebet\u00fcr<\/LI><LI>nicht passend f\u00fcr Kompakt<\/LI><LI>Heckansatz, Heckfl\u00fcgel, Frontansatz und Seitenschweller sind aus hochwertigem Material Fiberflex gefertigt<\/LI><LI>Scheinwerferblenden sind aus hochwertigem Material ABS gefertigt<LI><LI>bestehend aus den CSR-Anbauteilen mit den Bestellnummern: SB236, FA221, SS397, HA135, HF468<\/LI><br \/>(Mehr Infos siehe unten oder bitte die Suchfunktion im Shop nutzen. Bitte beachten Sie, dass auf den Fotos teilweise weitere, nicht in diesem Angebot enthaltene Produkte abgebildet sein k\u00f6nnen. Dieses Angebot umfasst nur die oben mit ihrer Artikelnummer angegebenen Teile!)<LI>Komplettes Montagezubeh\u00f6r, sofern notwendig<\/LI><LI>Inklusive Montageanleitung<\/LI><LI>Mit fahrzeugspezifischem Teilegutachten f\u00fcr eine Anbauabnahme nach \u00a719.3 StVZO (Frontansatz)<\/LI><LI>Mit gutachterlicher Stellungnahme und somit eintragungsfrei (Scheinwerferblenden, Heckansatz und Seitenschweller)<\/LI><LI>Pr\u00fcfbericht (Heckfl\u00fcgel)<\/LI><\/UL><\/p>\n","protected":false},"excerpt":{"rendered":"<p>Bodykit Tuning Komplettset mit fahrzeugspezifischem Teilegutachten<\/p>\n","protected":false},"featured_media":147017,"comment_status":"closed","ping_status":"open","template":"","meta":[],"product_cat":[],"product_tag":[12841],"class_list":{"0":"post-148964","1":"product","2":"type-product","3":"status-publish","4":"has-post-thumbnail","6":"product_tag-csr","7":"product_shipping_class-csr","9":"first","10":"instock","11":"taxable","12":"shipping-taxable","13":"purchasable","14":"product-type-simple"},"_links":{"self":[{"href":"https:\/\/mlin.es\/tienda\/wp-json\/wp\/v2\/product\/148964","targetHints":{"allow":["GET"]}}],"collection":[{"href":"https:\/\/mlin.es\/tienda\/wp-json\/wp\/v2\/product"}],"about":[{"href":"https:\/\/mlin.es\/tienda\/wp-json\/wp\/v2\/types\/product"}],"replies":[{"embeddable":true,"href":"https:\/\/mlin.es\/tienda\/wp-json\/wp\/v2\/comments?post=148964"}],"wp:featuredmedia":[{"embeddable":true,"href":"https:\/\/mlin.es\/tienda\/wp-json\/wp\/v2\/media\/147017"}],"wp:attachment":[{"href":"https:\/\/mlin.es\/tienda\/wp-json\/wp\/v2\/media?parent=148964"}],"wp:term":[{"taxonomy":"product_cat","embeddable":true,"href":"https:\/\/mlin.es\/tienda\/wp-json\/wp\/v2\/product_cat?post=148964"},{"taxonomy":"product_tag","embeddable":true,"href":"https:\/\/mlin.es\/tienda\/wp-json\/wp\/v2\/product_tag?post=148964"}],"curies":[{"name":"wp","href":"https:\/\/api.w.org\/{rel}","templated":true}]}}