{"id":148951,"date":"2026-03-03T21:01:51","date_gmt":"2026-03-03T20:01:51","guid":{"rendered":"https:\/\/mlin.es\/tienda\/producto\/faldones-laterales-s-line-design-para-audi-a3-8v-3-puertas-ss439\/"},"modified":"2026-03-03T21:01:52","modified_gmt":"2026-03-03T20:01:52","slug":"csr-ss439","status":"publish","type":"product","link":"https:\/\/mlin.es\/tienda\/producto\/csr-ss439\/","title":{"rendered":"CSR-SS439"},"content":{"rendered":"<p><b>CSR-Automotive Seitenschweller im S-Line Design f\u00fcr Audi A3 8V<\/b><UL><LI>Seitenschweller-Set (2 St\u00fcck) passend f\u00fcr Audi A3 8V Baujahr ab 2012<\/LI><LI>im S-Line Design<\/LI><LI>passend f\u00fcr die Modell-\/Karosserievariante(n) 3-T\u00fcrer<\/LI><LI>Mit gutachterlicher Stellungnahme und somit eintragungsfrei<\/LI><LI>Inkl. Montagezubeh\u00f6r, sofern notwendig<\/LI><LI>Inklusive Montageanleitung<\/LI><LI>Seitenschweller ist aus dem innovativen und hochwertigen Material <b>Fiberflex<\/b> gefertigt. Die Vorteile dieses neuartigen Verbundwerkstoffes: Extrem hohe Flexibilit\u00e4t bei gleichzeitig gro\u00dfer Stabilit\u00e4t, Splitterfestigkeit, und Nichtentflammbarkeit. Eine sehr hohe Fertigungsqualit\u00e4t und das geringe Gewicht erlauben sogar einen Einsatz im Profirennsport. Die charakteristische schwarze Oberfl\u00e4che zeichnet sich durch gute Bearbeitungsm\u00f6glichkeiten aus und garantiert professionelle Ergebnisse. Produkte aus Fiberflex von CSR-Automotive eignen sich dank bester Schneid- und Klebeeigenschaften in hervorragender Weise f\u00fcr Reparatur- und weitere Umbauarbeiten.<\/LI><LI>Gleichm\u00e4\u00dfige Oberfl\u00e4chenstruktur erm\u00f6glicht eine Lackierung ohne gro\u00dfe Vorarbeiten<\/LI><LI>Material ist flexibel<\/LI><LI>Derzeit ist leider noch kein Produktbild verf\u00fcgbar. Dieses wird aber in K\u00fcrze folgen.<\/LI><\/UL><\/p>\n","protected":false},"excerpt":{"rendered":"<p>Seitenschweller mit gutachterlicher Stellungnahme &#8211; eintragungsfrei<\/p>\n","protected":false},"featured_media":148952,"comment_status":"closed","ping_status":"open","template":"","meta":[],"product_cat":[],"product_tag":[12841],"class_list":{"0":"post-148951","1":"product","2":"type-product","3":"status-publish","4":"has-post-thumbnail","6":"product_tag-csr","7":"product_shipping_class-csr","9":"first","10":"instock","11":"taxable","12":"shipping-taxable","13":"purchasable","14":"product-type-simple"},"_links":{"self":[{"href":"https:\/\/mlin.es\/tienda\/wp-json\/wp\/v2\/product\/148951","targetHints":{"allow":["GET"]}}],"collection":[{"href":"https:\/\/mlin.es\/tienda\/wp-json\/wp\/v2\/product"}],"about":[{"href":"https:\/\/mlin.es\/tienda\/wp-json\/wp\/v2\/types\/product"}],"replies":[{"embeddable":true,"href":"https:\/\/mlin.es\/tienda\/wp-json\/wp\/v2\/comments?post=148951"}],"wp:featuredmedia":[{"embeddable":true,"href":"https:\/\/mlin.es\/tienda\/wp-json\/wp\/v2\/media\/148952"}],"wp:attachment":[{"href":"https:\/\/mlin.es\/tienda\/wp-json\/wp\/v2\/media?parent=148951"}],"wp:term":[{"taxonomy":"product_cat","embeddable":true,"href":"https:\/\/mlin.es\/tienda\/wp-json\/wp\/v2\/product_cat?post=148951"},{"taxonomy":"product_tag","embeddable":true,"href":"https:\/\/mlin.es\/tienda\/wp-json\/wp\/v2\/product_tag?post=148951"}],"curies":[{"name":"wp","href":"https:\/\/api.w.org\/{rel}","templated":true}]}}