{"id":148482,"date":"2026-03-03T20:41:05","date_gmt":"2026-03-03T19:41:05","guid":{"rendered":"https:\/\/mlin.es\/tienda\/producto\/faldones-laterales-para-audi-a3-tipo-8p-8pa-ss409\/"},"modified":"2026-03-03T20:41:06","modified_gmt":"2026-03-03T19:41:06","slug":"csr-ss409","status":"publish","type":"product","link":"https:\/\/mlin.es\/tienda\/producto\/csr-ss409\/","title":{"rendered":"CSR-SS409"},"content":{"rendered":"<p><b>CSR-Automotive Seitenschweller f\u00fcr Audi A3 Typ 8P\/8PA<\/b><UL><LI>Seitenschweller-Set (2 St\u00fcck) passend f\u00fcr Audi A3 Typ 8P\/8PA Baujahr 2003-2013<\/LI><LI>passend f\u00fcr alle Modell-\/Karosserievarianten<\/LI><LI>Mit fahrzeugspezifischem Teilegutachten f\u00fcr eine Anbauabnahme nach \u00a7 19.3 StVZO<\/LI><LI>Inkl. Montagezubeh\u00f6r, sofern notwendig<\/LI><LI>Inklusive Montageanleitung<\/LI><LI>Seitenschweller ist aus dem innovativen und hochwertigen Material <b>Fiberflex<\/b> gefertigt. Die Vorteile dieses neuartigen Verbundwerkstoffes: Extrem hohe Flexibilit\u00e4t bei gleichzeitig gro\u00dfer Stabilit\u00e4t, Splitterfestigkeit, und Nichtentflammbarkeit. Eine sehr hohe Fertigungsqualit\u00e4t und das geringe Gewicht erlauben sogar einen Einsatz im Profirennsport. Die charakteristische schwarze Oberfl\u00e4che zeichnet sich durch gute Bearbeitungsm\u00f6glichkeiten aus und garantiert professionelle Ergebnisse. Produkte aus Fiberflex von CSR-Automotive eignen sich dank bester Schneid- und Klebeeigenschaften in hervorragender Weise f\u00fcr Reparatur- und weitere Umbauarbeiten.<\/LI><LI>Gleichm\u00e4\u00dfige Oberfl\u00e4chenstruktur erm\u00f6glicht eine Lackierung ohne gro\u00dfe Vorarbeiten<\/LI><LI>Material ist flexibel<\/LI><\/UL><\/p>\n","protected":false},"excerpt":{"rendered":"<p>Seitenschweller mit Teilegutachten<\/p>\n","protected":false},"featured_media":148483,"comment_status":"closed","ping_status":"open","template":"","meta":[],"product_cat":[],"product_tag":[12841],"class_list":{"0":"post-148482","1":"product","2":"type-product","3":"status-publish","4":"has-post-thumbnail","6":"product_tag-csr","7":"product_shipping_class-csr","9":"first","10":"instock","11":"taxable","12":"shipping-taxable","13":"purchasable","14":"product-type-simple"},"_links":{"self":[{"href":"https:\/\/mlin.es\/tienda\/wp-json\/wp\/v2\/product\/148482","targetHints":{"allow":["GET"]}}],"collection":[{"href":"https:\/\/mlin.es\/tienda\/wp-json\/wp\/v2\/product"}],"about":[{"href":"https:\/\/mlin.es\/tienda\/wp-json\/wp\/v2\/types\/product"}],"replies":[{"embeddable":true,"href":"https:\/\/mlin.es\/tienda\/wp-json\/wp\/v2\/comments?post=148482"}],"wp:featuredmedia":[{"embeddable":true,"href":"https:\/\/mlin.es\/tienda\/wp-json\/wp\/v2\/media\/148483"}],"wp:attachment":[{"href":"https:\/\/mlin.es\/tienda\/wp-json\/wp\/v2\/media?parent=148482"}],"wp:term":[{"taxonomy":"product_cat","embeddable":true,"href":"https:\/\/mlin.es\/tienda\/wp-json\/wp\/v2\/product_cat?post=148482"},{"taxonomy":"product_tag","embeddable":true,"href":"https:\/\/mlin.es\/tienda\/wp-json\/wp\/v2\/product_tag?post=148482"}],"curies":[{"name":"wp","href":"https:\/\/api.w.org\/{rel}","templated":true}]}}