{"id":148386,"date":"2026-03-03T20:37:29","date_gmt":"2026-03-03T19:37:29","guid":{"rendered":"https:\/\/mlin.es\/tienda\/producto\/parachoques-trasero-para-audi-a3-tipo-8p-hsk269\/"},"modified":"2026-03-03T20:37:29","modified_gmt":"2026-03-03T19:37:29","slug":"csr-hsk269","status":"publish","type":"product","link":"https:\/\/mlin.es\/tienda\/producto\/csr-hsk269\/","title":{"rendered":"CSR-HSK269"},"content":{"rendered":"<p><b>CSR-Automotive Hecksto\u00dfstange \/ Heckspoiler f\u00fcr Audi A3 Typ 8P<\/b><UL><LI>Hecksto\u00dfstange passend f\u00fcr Audi A3 Typ 8P Baujahr 2003-2013<\/LI><LI>passend f\u00fcr alle Modell-\/Karosserievarianten<\/LI><LI>Mit fahrzeugspezifischem Teilegutachten f\u00fcr eine Anbauabnahme nach \u00a719.3 StVZO<\/LI><LI>Inkl. Montagezubeh\u00f6r, sofern notwendig<\/LI><LI>Inklusive Montageanleitung<\/LI><LI>Hecksto\u00dfstange ist aus dem innovativen und hochwertigen Material <b>GFK<\/b> gefertigt. <\/LI><LI>Gleichm\u00e4\u00dfige Oberfl\u00e4chenstruktur erm\u00f6glicht eine Lackierung ohne gro\u00dfe Vorarbeiten (Produkt ist unlackiert)<\/LI><LI>Material ist flexibel<\/LI><\/UL><\/p>\n","protected":false},"excerpt":{"rendered":"<p>Sto\u00dfstange \/ Spoiler mit fahrzeugspezifischem Teilegutachten<\/p>\n","protected":false},"featured_media":148387,"comment_status":"closed","ping_status":"open","template":"","meta":[],"product_cat":[],"product_tag":[12841],"class_list":{"0":"post-148386","1":"product","2":"type-product","3":"status-publish","4":"has-post-thumbnail","6":"product_tag-csr","7":"product_shipping_class-csr","9":"first","10":"instock","11":"taxable","12":"shipping-taxable","13":"purchasable","14":"product-type-simple"},"_links":{"self":[{"href":"https:\/\/mlin.es\/tienda\/wp-json\/wp\/v2\/product\/148386","targetHints":{"allow":["GET"]}}],"collection":[{"href":"https:\/\/mlin.es\/tienda\/wp-json\/wp\/v2\/product"}],"about":[{"href":"https:\/\/mlin.es\/tienda\/wp-json\/wp\/v2\/types\/product"}],"replies":[{"embeddable":true,"href":"https:\/\/mlin.es\/tienda\/wp-json\/wp\/v2\/comments?post=148386"}],"wp:featuredmedia":[{"embeddable":true,"href":"https:\/\/mlin.es\/tienda\/wp-json\/wp\/v2\/media\/148387"}],"wp:attachment":[{"href":"https:\/\/mlin.es\/tienda\/wp-json\/wp\/v2\/media?parent=148386"}],"wp:term":[{"taxonomy":"product_cat","embeddable":true,"href":"https:\/\/mlin.es\/tienda\/wp-json\/wp\/v2\/product_cat?post=148386"},{"taxonomy":"product_tag","embeddable":true,"href":"https:\/\/mlin.es\/tienda\/wp-json\/wp\/v2\/product_tag?post=148386"}],"curies":[{"name":"wp","href":"https:\/\/api.w.org\/{rel}","templated":true}]}}