{"id":148135,"date":"2026-03-03T20:24:47","date_gmt":"2026-03-03T19:24:47","guid":{"rendered":"https:\/\/mlin.es\/tienda\/producto\/tomas-de-aire-para-renault-clio-iv-tipo-x98-ai006\/"},"modified":"2026-03-03T20:24:47","modified_gmt":"2026-03-03T19:24:47","slug":"csr-ai006","status":"publish","type":"product","link":"https:\/\/mlin.es\/tienda\/producto\/csr-ai006\/","title":{"rendered":"CSR-AI006"},"content":{"rendered":"<p><b>CSR-Automotive Air Intake Blenden | Airintakes f\u00fcr Renault Clio IV Typ X98<\/b><UL><LI>Airintake-Set f\u00fcr linke und rechte Seite<\/LI><LI>passend f\u00fcr Renault Clio IV Typ X98 Baujahr ab 2012<\/LI><LI>nicht passend f\u00fcr RS und GT<\/LI><LI>F\u00fcr sportlichen Look, bekannt aus dem Rennsport<\/LI><LI>Kanalisiert und optimiert die Luftzuf\u00fchrung  bspw. zum \u00d6lk\u00fchler, Wasserk\u00fchler, Bremsluftschacht und zum Ansaugtrakt des Motors (je nach Fahrzeugbauart)<\/LI><LI>Mit fahrzeugspezifischem Teilegutachten f\u00fcr eine Anbauabnahme nach \u00a7 19.3 StVZO<LI>Gute Passform, da kein Universalteil sondern speziell f\u00fcr diesen Fahrzeugtyp entwickelt!<\/LI><LI>Wird mit Elch-Kleber an der Originalsto\u00dfstange verklebt und zus\u00e4tzlich verschraubt<\/LI><LI>Gleichm\u00e4\u00dfige Oberfl\u00e4chenstruktur erm\u00f6glicht eine Lackierung ohne gro\u00dfe Vorarbeiten (Produkt ist unlackiert, Oberfl\u00e4che ist schwarz)<\/LI><LI>Airintakes sind aus dem innovativen und hochwertigen Material <b>Fiberflex<\/b> gefertigt. Die Vorteile dieses neuartigen Verbundwerkstoffes: Extrem hohe Flexibilit\u00e4t bei gleichzeitig gro\u00dfer Stabilit\u00e4t, Splitterfestigkeit, und Nichtentflammbarkeit. Eine sehr hohe Fertigungsqualit\u00e4t und das geringe Gewicht erlauben sogar einen Einsatz im Profirennsport. Die charakteristische schwarze Oberfl\u00e4che zeichnet sich durch gute Bearbeitungsm\u00f6glichkeiten aus und garantiert professionelle Ergebnisse. Produkte aus Fiberflex von CSR-Automotive eignen sich dank bester Schneid- und Klebeeigenschaften in hervorragender Weise f\u00fcr Reparatur- und weitere Umbauarbeiten.<\/LI><LI>Inkl. Montagezubeh\u00f6r, sofern notwendig<\/LI><LI>Inklusive Montageanleitung<\/LI><\/UL><\/p>\n","protected":false},"excerpt":{"rendered":"<p>Airintakes f\u00fcr Renault Clio IV Typ X98 mit fahrzeugspezifischem Teilegutachten<\/p>\n","protected":false},"featured_media":148136,"comment_status":"closed","ping_status":"open","template":"","meta":[],"product_cat":[],"product_tag":[12841],"class_list":{"0":"post-148135","1":"product","2":"type-product","3":"status-publish","4":"has-post-thumbnail","6":"product_tag-csr","7":"product_shipping_class-csr","9":"first","10":"instock","11":"taxable","12":"shipping-taxable","13":"purchasable","14":"product-type-simple"},"_links":{"self":[{"href":"https:\/\/mlin.es\/tienda\/wp-json\/wp\/v2\/product\/148135","targetHints":{"allow":["GET"]}}],"collection":[{"href":"https:\/\/mlin.es\/tienda\/wp-json\/wp\/v2\/product"}],"about":[{"href":"https:\/\/mlin.es\/tienda\/wp-json\/wp\/v2\/types\/product"}],"replies":[{"embeddable":true,"href":"https:\/\/mlin.es\/tienda\/wp-json\/wp\/v2\/comments?post=148135"}],"wp:featuredmedia":[{"embeddable":true,"href":"https:\/\/mlin.es\/tienda\/wp-json\/wp\/v2\/media\/148136"}],"wp:attachment":[{"href":"https:\/\/mlin.es\/tienda\/wp-json\/wp\/v2\/media?parent=148135"}],"wp:term":[{"taxonomy":"product_cat","embeddable":true,"href":"https:\/\/mlin.es\/tienda\/wp-json\/wp\/v2\/product_cat?post=148135"},{"taxonomy":"product_tag","embeddable":true,"href":"https:\/\/mlin.es\/tienda\/wp-json\/wp\/v2\/product_tag?post=148135"}],"curies":[{"name":"wp","href":"https:\/\/api.w.org\/{rel}","templated":true}]}}