{"id":148107,"date":"2025-06-20T18:40:49","date_gmt":"2025-06-20T16:40:49","guid":{"rendered":"https:\/\/mlin.es\/tienda\/producto\/borde-del-techo-para-audi-a3-8v-s3-8p-station-wagon-dkl003\/"},"modified":"2025-09-11T11:26:57","modified_gmt":"2025-09-11T09:26:57","slug":"borde-del-techo-para-audi-a3-8v-s3-8p-station-wagon-dkl003","status":"publish","type":"product","link":"https:\/\/mlin.es\/tienda\/producto\/borde-del-techo-para-audi-a3-8v-s3-8p-station-wagon-dkl003\/","title":{"rendered":"Borde del techo para Audi A3 8V \/ S3 8P station wagon DKL003"},"content":{"rendered":"<p><b>Labio de techo CSR-Automotive para Audi A3 8V \/ S3 8P familiar<\/b><UL> <LI>Labio de techo apto para<\/LI><UL><LI>Audi A3 8V familiar a partir de 2012<br \/>para modelos\/velocidades familiares de 3 y 5 puertas<\/LI><\/UL><UL><LI>Audi S3 8P familiar fabricado entre 2006 y 2012<br \/>para modelos\/velocidades familiares de 3 puertas<\/LI><\/UL><LI>Con asesoramiento especializado y, por lo tanto, sin necesidad de registro<\/LI><LI>La instalaci\u00f3n es muy sencilla gracias a la tira adhesiva integrada y el aler\u00f3n se coloca en segundos<\/LI><LI>El m\u00e9todo de fijaci\u00f3n, as\u00ed como las propiedades aerodin\u00e1micas y el comportamiento del material, han sido probados y homologados<\/LI><LI>Incluye instrucciones de instalaci\u00f3n<\/LI><LI>El aler\u00f3n trasero est\u00e1 fabricado con pl\u00e1stico flexible de alta calidad<\/LI><LI>Uniforme La estructura de la superficie permite pintar sin una preparaci\u00f3n extensa (el producto no est\u00e1 pintado).<\/LI><LI>En este modelo, el borde del techo est\u00e1 pegado a la carrocer\u00eda y no a la ventana trasera.<\/LI><LI>Im\u00e1genes de comparaci\u00f3n: las im\u00e1genes muestran el art\u00edculo sobre el Audi A4 B8.<\/LI><\/UL><\/p>\n","protected":false},"excerpt":{"rendered":"<p>Spoiler labio \/ labio con opini\u00f3n de experto &#8211; registro gratuito<\/p>\n","protected":false},"featured_media":147278,"comment_status":"closed","ping_status":"open","template":"","meta":[],"product_cat":[],"product_tag":[12841],"class_list":{"0":"post-148107","1":"product","2":"type-product","3":"status-publish","4":"has-post-thumbnail","6":"product_tag-csr","7":"product_shipping_class-csr","9":"first","10":"instock","11":"taxable","12":"shipping-taxable","13":"purchasable","14":"product-type-simple"},"_links":{"self":[{"href":"https:\/\/mlin.es\/tienda\/wp-json\/wp\/v2\/product\/148107","targetHints":{"allow":["GET"]}}],"collection":[{"href":"https:\/\/mlin.es\/tienda\/wp-json\/wp\/v2\/product"}],"about":[{"href":"https:\/\/mlin.es\/tienda\/wp-json\/wp\/v2\/types\/product"}],"replies":[{"embeddable":true,"href":"https:\/\/mlin.es\/tienda\/wp-json\/wp\/v2\/comments?post=148107"}],"wp:featuredmedia":[{"embeddable":true,"href":"https:\/\/mlin.es\/tienda\/wp-json\/wp\/v2\/media\/147278"}],"wp:attachment":[{"href":"https:\/\/mlin.es\/tienda\/wp-json\/wp\/v2\/media?parent=148107"}],"wp:term":[{"taxonomy":"product_cat","embeddable":true,"href":"https:\/\/mlin.es\/tienda\/wp-json\/wp\/v2\/product_cat?post=148107"},{"taxonomy":"product_tag","embeddable":true,"href":"https:\/\/mlin.es\/tienda\/wp-json\/wp\/v2\/product_tag?post=148107"}],"curies":[{"name":"wp","href":"https:\/\/api.w.org\/{rel}","templated":true}]}}