{"id":148046,"date":"2026-03-03T20:22:59","date_gmt":"2026-03-03T19:22:59","guid":{"rendered":"https:\/\/mlin.es\/tienda\/producto\/faldon-trasero-para-renault-clio-iv-tipo-x98-ha147\/"},"modified":"2026-03-03T20:22:59","modified_gmt":"2026-03-03T19:22:59","slug":"csr-ha147","status":"publish","type":"product","link":"https:\/\/mlin.es\/tienda\/producto\/csr-ha147\/","title":{"rendered":"CSR-HA147"},"content":{"rendered":"<p><b>CSR-Automotive Diffusor | Heckansatz f\u00fcr Renault Clio IV Typ X98<\/b><UL><LI>Heckansatz passend f\u00fcr Renault Clio IV Typ X98 ab Baujahr 2012<\/LI><LI>passend f\u00fcr alle Modell-\/Karosserievarianten, au\u00dfer Grandtour \/ RS \/ GT<\/LI><LI>Mit gutachterlicher Stellungnahme und somit eintragungsfrei<\/LI><LI>Es wird eine Endrohrblende ben\u00f6tigt<\/LI><LI>Inkl. Montagezubeh\u00f6r, sofern notwendig<\/LI><LI>Inklusive Montageanleitung<\/LI><LI>Heckansatz ist aus dem innovativen und hochwertigen Material <b>Fiberflex<\/b> gefertigt. Die Vorteile dieses neuartigen Verbundwerkstoffes: Extrem hohe Flexibilit\u00e4t bei gleichzeitig gro\u00dfer Stabilit\u00e4t, Splitterfestigkeit, und Nichtentflammbarkeit. Eine sehr hohe Fertigungsqualit\u00e4t und das geringe Gewicht erlauben sogar einen Einsatz im Profirennsport. Die charakteristische schwarze Oberfl\u00e4che zeichnet sich durch gute Bearbeitungsm\u00f6glichkeiten aus und garantiert professionelle Ergebnisse. Produkte aus Fiberflex von CSR-Automotive eignen sich dank bester Schneid- und Klebeeigenschaften in hervorragender Weise f\u00fcr Reparatur- und weitere Umbauarbeiten.<\/LI><LI>Gleichm\u00e4\u00dfige Oberfl\u00e4chenstruktur erm\u00f6glicht eine Lackierung ohne gro\u00dfe Vorarbeiten (Produkt ist unlackiert)<\/LI><LI>Material ist flexibel<\/LI><LI>Gegenstand dieses Angebotes sind nur die im Bild \u00abLieferumfang\u00bb hervorgehobenen Anbauteile.<\/LI><\/UL><\/p>\n","protected":false},"excerpt":{"rendered":"<p>Heckspoiler Hecklippe mit gutachterlicher Stellungnahme &#8211; eintragungsfrei<\/p>\n","protected":false},"featured_media":148047,"comment_status":"closed","ping_status":"open","template":"","meta":[],"product_cat":[],"product_tag":[12841],"class_list":{"0":"post-148046","1":"product","2":"type-product","3":"status-publish","4":"has-post-thumbnail","6":"product_tag-csr","7":"product_shipping_class-csr","9":"first","10":"instock","11":"taxable","12":"shipping-taxable","13":"purchasable","14":"product-type-simple"},"_links":{"self":[{"href":"https:\/\/mlin.es\/tienda\/wp-json\/wp\/v2\/product\/148046","targetHints":{"allow":["GET"]}}],"collection":[{"href":"https:\/\/mlin.es\/tienda\/wp-json\/wp\/v2\/product"}],"about":[{"href":"https:\/\/mlin.es\/tienda\/wp-json\/wp\/v2\/types\/product"}],"replies":[{"embeddable":true,"href":"https:\/\/mlin.es\/tienda\/wp-json\/wp\/v2\/comments?post=148046"}],"wp:featuredmedia":[{"embeddable":true,"href":"https:\/\/mlin.es\/tienda\/wp-json\/wp\/v2\/media\/148047"}],"wp:attachment":[{"href":"https:\/\/mlin.es\/tienda\/wp-json\/wp\/v2\/media?parent=148046"}],"wp:term":[{"taxonomy":"product_cat","embeddable":true,"href":"https:\/\/mlin.es\/tienda\/wp-json\/wp\/v2\/product_cat?post=148046"},{"taxonomy":"product_tag","embeddable":true,"href":"https:\/\/mlin.es\/tienda\/wp-json\/wp\/v2\/product_tag?post=148046"}],"curies":[{"name":"wp","href":"https:\/\/api.w.org\/{rel}","templated":true}]}}