{"id":148021,"date":"2025-06-20T18:38:29","date_gmt":"2025-06-20T16:38:29","guid":{"rendered":"https:\/\/mlin.es\/tienda\/producto\/borde-del-borde-del-techo-para-kia-ceed-dkl146\/"},"modified":"2025-09-11T11:26:16","modified_gmt":"2025-09-11T09:26:16","slug":"borde-del-borde-del-techo-para-kia-ceed-dkl146","status":"publish","type":"product","link":"https:\/\/mlin.es\/tienda\/producto\/borde-del-borde-del-techo-para-kia-ceed-dkl146\/","title":{"rendered":"Borde del borde del techo para Kia Cee&#8217;d DKL146"},"content":{"rendered":"<p><b>Labio de techo CSR-Automotive para Kia Cee&#8217;d<\/b><UL> <LI>Labio de techo compatible con Kia Cee&#8217;d a partir del a\u00f1o modelo 04\/2012<\/LI><LI>Compatible con todos los modelos\/carrocer\u00edas<\/LI><LI>Con la opini\u00f3n de expertos y, por lo tanto, sin necesidad de registro<\/LI><LI>La instalaci\u00f3n es muy sencilla gracias a la tira adhesiva integrada y el aler\u00f3n se fija en segundos<\/LI><LI>El m\u00e9todo de fijaci\u00f3n, as\u00ed como las propiedades aerodin\u00e1micas y el comportamiento del material, est\u00e1n probados y homologados<\/LI><LI>Incluye instrucciones de instalaci\u00f3n<\/LI><LI>El aler\u00f3n trasero est\u00e1 fabricado con pl\u00e1stico flexible de alta calidad<\/LI><LI>La estructura uniforme de la superficie permite pintarlo sin necesidad de una preparaci\u00f3n exhaustiva (el producto no est\u00e1 pintado)<\/LI><LI>Las im\u00e1genes comparativas muestran el producto en un Seat Ibiza 6J ST<\/LI><\/UL><\/p>\n","protected":false},"excerpt":{"rendered":"<p>Spoiler labio \/ labio con opini\u00f3n de experto &#8211; registro gratuito<\/p>\n","protected":false},"featured_media":147589,"comment_status":"closed","ping_status":"open","template":"","meta":[],"product_cat":[],"product_tag":[12841],"class_list":{"0":"post-148021","1":"product","2":"type-product","3":"status-publish","4":"has-post-thumbnail","6":"product_tag-csr","7":"product_shipping_class-csr","9":"first","10":"instock","11":"taxable","12":"shipping-taxable","13":"purchasable","14":"product-type-simple"},"_links":{"self":[{"href":"https:\/\/mlin.es\/tienda\/wp-json\/wp\/v2\/product\/148021","targetHints":{"allow":["GET"]}}],"collection":[{"href":"https:\/\/mlin.es\/tienda\/wp-json\/wp\/v2\/product"}],"about":[{"href":"https:\/\/mlin.es\/tienda\/wp-json\/wp\/v2\/types\/product"}],"replies":[{"embeddable":true,"href":"https:\/\/mlin.es\/tienda\/wp-json\/wp\/v2\/comments?post=148021"}],"wp:featuredmedia":[{"embeddable":true,"href":"https:\/\/mlin.es\/tienda\/wp-json\/wp\/v2\/media\/147589"}],"wp:attachment":[{"href":"https:\/\/mlin.es\/tienda\/wp-json\/wp\/v2\/media?parent=148021"}],"wp:term":[{"taxonomy":"product_cat","embeddable":true,"href":"https:\/\/mlin.es\/tienda\/wp-json\/wp\/v2\/product_cat?post=148021"},{"taxonomy":"product_tag","embeddable":true,"href":"https:\/\/mlin.es\/tienda\/wp-json\/wp\/v2\/product_tag?post=148021"}],"curies":[{"name":"wp","href":"https:\/\/api.w.org\/{rel}","templated":true}]}}