{"id":147645,"date":"2026-03-03T19:58:43","date_gmt":"2026-03-03T18:58:43","guid":{"rendered":"https:\/\/mlin.es\/tienda\/producto\/parachoques-delantero-para-audi-a3-tipo-8p-8pa-fsk368\/"},"modified":"2026-03-03T19:58:44","modified_gmt":"2026-03-03T18:58:44","slug":"csr-fsk368","status":"publish","type":"product","link":"https:\/\/mlin.es\/tienda\/producto\/csr-fsk368\/","title":{"rendered":"CSR-FSK368"},"content":{"rendered":"<p><b>CSR-Automotive Frontsto\u00dfstange \/ Frontspoiler f\u00fcr Audi A3 Typ 8P\/8PA<\/b><UL><LI>Frontsto\u00dfstange passend f\u00fcr Audi A3 Typ 8P\/8PA Baujahr 2003-2013<\/LI><LI>passend f\u00fcr alle  Modell-\/Karosserievariante(n)<\/LI><LI>Es wird ein Singleframegrill Typ B ben\u00f6tigt (Audi Originalteilenummer 8PO853651MVMZ)<\/LI><LI>Mit fahrzeugspezifischem Teilegutachten f\u00fcr eine Anbauabnahme nach \u00a719.3 StVZO<\/LI><LI>Inkl. Montagezubeh\u00f6r, sofern notwendig<\/LI><LI>Frontsto\u00dfstange ist aus hochwertigem Material GFK gefertigt<\/LI><LI>Gleichm\u00e4\u00dfige Oberfl\u00e4chenstruktur erm\u00f6glicht eine Lackierung ohne gro\u00dfe Vorarbeiten (Produkt ist unlackiert)<\/LI><LI>Material ist flexibel<\/LI><\/UL><\/p>\n","protected":false},"excerpt":{"rendered":"<p>Frontsch\u00fcrze \/ Spoiler mit fahrzeugspezifischem Teilegutachten<\/p>\n","protected":false},"featured_media":147646,"comment_status":"closed","ping_status":"open","template":"","meta":[],"product_cat":[],"product_tag":[12841],"class_list":{"0":"post-147645","1":"product","2":"type-product","3":"status-publish","4":"has-post-thumbnail","6":"product_tag-csr","7":"product_shipping_class-csr","9":"first","10":"instock","11":"taxable","12":"shipping-taxable","13":"purchasable","14":"product-type-simple"},"_links":{"self":[{"href":"https:\/\/mlin.es\/tienda\/wp-json\/wp\/v2\/product\/147645","targetHints":{"allow":["GET"]}}],"collection":[{"href":"https:\/\/mlin.es\/tienda\/wp-json\/wp\/v2\/product"}],"about":[{"href":"https:\/\/mlin.es\/tienda\/wp-json\/wp\/v2\/types\/product"}],"replies":[{"embeddable":true,"href":"https:\/\/mlin.es\/tienda\/wp-json\/wp\/v2\/comments?post=147645"}],"wp:featuredmedia":[{"embeddable":true,"href":"https:\/\/mlin.es\/tienda\/wp-json\/wp\/v2\/media\/147646"}],"wp:attachment":[{"href":"https:\/\/mlin.es\/tienda\/wp-json\/wp\/v2\/media?parent=147645"}],"wp:term":[{"taxonomy":"product_cat","embeddable":true,"href":"https:\/\/mlin.es\/tienda\/wp-json\/wp\/v2\/product_cat?post=147645"},{"taxonomy":"product_tag","embeddable":true,"href":"https:\/\/mlin.es\/tienda\/wp-json\/wp\/v2\/product_tag?post=147645"}],"curies":[{"name":"wp","href":"https:\/\/api.w.org\/{rel}","templated":true}]}}