{"id":147610,"date":"2025-06-20T18:25:35","date_gmt":"2025-06-20T16:25:35","guid":{"rendered":"https:\/\/mlin.es\/tienda\/producto\/faldon-trasero-para-audi-a3-8v-sedan-convertible-hl136\/"},"modified":"2025-09-11T11:20:56","modified_gmt":"2025-09-11T09:20:56","slug":"faldon-trasero-para-audi-a3-8v-sedan-convertible-hl136","status":"publish","type":"product","link":"https:\/\/mlin.es\/tienda\/producto\/faldon-trasero-para-audi-a3-8v-sedan-convertible-hl136\/","title":{"rendered":"Fald\u00f3n trasero para Audi A3 8V sed\u00e1n\/convertible HL136"},"content":{"rendered":"<p>Aler\u00f3n trasero CSR-Automotive para Audi A3 8V berlina\/capotable.<\/b><UL><LI>Aler\u00f3n trasero compatible con Audi A3 8V, fabricado a partir de 2013.<LI>Compatible con los modelos\/variantes de carrocer\u00eda berlina y descapotable.<LI>Con certificado de piezas espec\u00edfico para el veh\u00edculo para la aprobaci\u00f3n de la instalaci\u00f3n seg\u00fan el \u00a7 19.3 del StVZO.<LI>La instalaci\u00f3n es muy sencilla gracias a la tira adhesiva integrada y el aler\u00f3n se instala en segundos.<LI>El m\u00e9todo de fijaci\u00f3n, as\u00ed como las propiedades aerodin\u00e1micas y el comportamiento del material, est\u00e1n probados y homologados.<LI>Incluye instrucciones de instalaci\u00f3n.<LI>El aler\u00f3n trasero est\u00e1 fabricado con pl\u00e1stico flexible de alta calidad.<LI>Su superficie uniforme permite pintarlo sin necesidad de una preparaci\u00f3n exhaustiva (el producto no est\u00e1 pintado).<LI>Im\u00e1genes comparativas: las im\u00e1genes muestran el art\u00edculo sobre el BMW E36 Cabriolet.<\/UL><\/p>\n","protected":false},"excerpt":{"rendered":"<p>Borde del aler\u00f3n\/borde de ABS\/con certificado de piezas espec\u00edfico del veh\u00edculo<\/p>\n","protected":false},"featured_media":142780,"comment_status":"closed","ping_status":"open","template":"","meta":[],"product_cat":[],"product_tag":[12841],"class_list":{"0":"post-147610","1":"product","2":"type-product","3":"status-publish","4":"has-post-thumbnail","6":"product_tag-csr","7":"product_shipping_class-csr","9":"first","10":"instock","11":"taxable","12":"shipping-taxable","13":"purchasable","14":"product-type-simple"},"_links":{"self":[{"href":"https:\/\/mlin.es\/tienda\/wp-json\/wp\/v2\/product\/147610","targetHints":{"allow":["GET"]}}],"collection":[{"href":"https:\/\/mlin.es\/tienda\/wp-json\/wp\/v2\/product"}],"about":[{"href":"https:\/\/mlin.es\/tienda\/wp-json\/wp\/v2\/types\/product"}],"replies":[{"embeddable":true,"href":"https:\/\/mlin.es\/tienda\/wp-json\/wp\/v2\/comments?post=147610"}],"wp:featuredmedia":[{"embeddable":true,"href":"https:\/\/mlin.es\/tienda\/wp-json\/wp\/v2\/media\/142780"}],"wp:attachment":[{"href":"https:\/\/mlin.es\/tienda\/wp-json\/wp\/v2\/media?parent=147610"}],"wp:term":[{"taxonomy":"product_cat","embeddable":true,"href":"https:\/\/mlin.es\/tienda\/wp-json\/wp\/v2\/product_cat?post=147610"},{"taxonomy":"product_tag","embeddable":true,"href":"https:\/\/mlin.es\/tienda\/wp-json\/wp\/v2\/product_tag?post=147610"}],"curies":[{"name":"wp","href":"https:\/\/api.w.org\/{rel}","templated":true}]}}