{"id":147588,"date":"2025-06-20T18:24:51","date_gmt":"2025-06-20T16:24:51","guid":{"rendered":"https:\/\/mlin.es\/tienda\/producto\/borde-del-techo-del-seat-ibiza-6j-st-dkl116\/"},"modified":"2025-09-11T11:20:35","modified_gmt":"2025-09-11T09:20:35","slug":"borde-del-techo-del-seat-ibiza-6j-st-dkl116","status":"publish","type":"product","link":"https:\/\/mlin.es\/tienda\/producto\/borde-del-techo-del-seat-ibiza-6j-st-dkl116\/","title":{"rendered":"Borde del techo del Seat Ibiza 6J ST DKL116"},"content":{"rendered":"<p><b>Labio de techo CSR-Automotive para Seat Ibiza 6J ST<\/b><UL> <LI>Labio de techo compatible con Seat Ibiza 6J ST fabricados entre 2008 y 2015<LI>Compatible con los modelos\/variantes de carrocer\u00eda ST<LI>Con la opini\u00f3n de expertos y, por lo tanto, sin necesidad de registro<LI>La instalaci\u00f3n es muy sencilla gracias a la tira adhesiva integrada y el aler\u00f3n se fija en segundos<LI>El m\u00e9todo de fijaci\u00f3n, as\u00ed como las propiedades aerodin\u00e1micas y el comportamiento del material, est\u00e1n probados y homologados<LI>Incluye instrucciones de instalaci\u00f3n<LI>El aler\u00f3n trasero est\u00e1 fabricado con pl\u00e1stico flexible de alta calidad<LI>La estructura uniforme de la superficie permite pintar sin necesidad de una preparaci\u00f3n exhaustiva (el producto no est\u00e1 pintado)<LI>En este modelo, el labio del techo se pega a la carrocer\u00eda y no a la luneta trasera<\/UL><\/p>\n","protected":false},"excerpt":{"rendered":"<p>Spoiler labio \/ labio con opini\u00f3n de experto &#8211; registro gratuito<\/p>\n","protected":false},"featured_media":147589,"comment_status":"closed","ping_status":"open","template":"","meta":[],"product_cat":[],"product_tag":[12841],"class_list":{"0":"post-147588","1":"product","2":"type-product","3":"status-publish","4":"has-post-thumbnail","6":"product_tag-csr","7":"product_shipping_class-csr","9":"first","10":"instock","11":"taxable","12":"shipping-taxable","13":"purchasable","14":"product-type-simple"},"_links":{"self":[{"href":"https:\/\/mlin.es\/tienda\/wp-json\/wp\/v2\/product\/147588","targetHints":{"allow":["GET"]}}],"collection":[{"href":"https:\/\/mlin.es\/tienda\/wp-json\/wp\/v2\/product"}],"about":[{"href":"https:\/\/mlin.es\/tienda\/wp-json\/wp\/v2\/types\/product"}],"replies":[{"embeddable":true,"href":"https:\/\/mlin.es\/tienda\/wp-json\/wp\/v2\/comments?post=147588"}],"wp:featuredmedia":[{"embeddable":true,"href":"https:\/\/mlin.es\/tienda\/wp-json\/wp\/v2\/media\/147589"}],"wp:attachment":[{"href":"https:\/\/mlin.es\/tienda\/wp-json\/wp\/v2\/media?parent=147588"}],"wp:term":[{"taxonomy":"product_cat","embeddable":true,"href":"https:\/\/mlin.es\/tienda\/wp-json\/wp\/v2\/product_cat?post=147588"},{"taxonomy":"product_tag","embeddable":true,"href":"https:\/\/mlin.es\/tienda\/wp-json\/wp\/v2\/product_tag?post=147588"}],"curies":[{"name":"wp","href":"https:\/\/api.w.org\/{rel}","templated":true}]}}