{"id":147568,"date":"2025-06-20T18:24:08","date_gmt":"2025-06-20T16:24:08","guid":{"rendered":"https:\/\/mlin.es\/tienda\/producto\/borde-del-borde-del-techo-para-audi-a3-8l-station-wagon-dkl001\/"},"modified":"2025-09-11T11:20:16","modified_gmt":"2025-09-11T09:20:16","slug":"borde-del-borde-del-techo-para-audi-a3-8l-station-wagon-dkl001","status":"publish","type":"product","link":"https:\/\/mlin.es\/tienda\/producto\/borde-del-borde-del-techo-para-audi-a3-8l-station-wagon-dkl001\/","title":{"rendered":"Borde del borde del techo para Audi A3 8L station wagon DKL001"},"content":{"rendered":"<p><b>Labio de techo CSR-Automotive para Audi A3 8L station wagon<\/b><UL> <LI>Labio de techo compatible con Audi A3 8L station wagon, a\u00f1os 1996-2003<br \/>y tambi\u00e9n compatible con Audi S3 8L station wagon, a\u00f1os 1999-2003<LI>Compatible con el modelo\/la variante de carrocer\u00eda station wagon<LI>Con la opini\u00f3n de expertos y, por lo tanto, sin necesidad de registro<LI>La instalaci\u00f3n es muy sencilla gracias a la tira adhesiva integrada y el aler\u00f3n se fija en segundos<LI>El m\u00e9todo de fijaci\u00f3n, as\u00ed como las propiedades aerodin\u00e1micas y el comportamiento del material, est\u00e1n probados y homologados<LI>Incluye instrucciones de instalaci\u00f3n<LI>El aler\u00f3n trasero est\u00e1 fabricado con pl\u00e1stico flexible de alta calidad<LI>Su estructura superficial uniforme permite pintar sin necesidad de un trabajo preparatorio exhaustivo (el producto no est\u00e1 pintado)<LI>En este modelo, el labio del borde del techo se pega a la carrocer\u00eda, no a la luneta trasera<LI>Im\u00e1genes comparativas: las im\u00e1genes corresponden al art\u00edculo del Audi A4 B8<\/UL><\/p>\n","protected":false},"excerpt":{"rendered":"<p>Spoiler labio \/ labio con opini\u00f3n de experto &#8211; registro gratuito<\/p>\n","protected":false},"featured_media":147278,"comment_status":"closed","ping_status":"open","template":"","meta":[],"product_cat":[],"product_tag":[12841],"class_list":{"0":"post-147568","1":"product","2":"type-product","3":"status-publish","4":"has-post-thumbnail","6":"product_tag-csr","7":"product_shipping_class-csr","9":"first","10":"instock","11":"taxable","12":"shipping-taxable","13":"purchasable","14":"product-type-simple"},"_links":{"self":[{"href":"https:\/\/mlin.es\/tienda\/wp-json\/wp\/v2\/product\/147568","targetHints":{"allow":["GET"]}}],"collection":[{"href":"https:\/\/mlin.es\/tienda\/wp-json\/wp\/v2\/product"}],"about":[{"href":"https:\/\/mlin.es\/tienda\/wp-json\/wp\/v2\/types\/product"}],"replies":[{"embeddable":true,"href":"https:\/\/mlin.es\/tienda\/wp-json\/wp\/v2\/comments?post=147568"}],"wp:featuredmedia":[{"embeddable":true,"href":"https:\/\/mlin.es\/tienda\/wp-json\/wp\/v2\/media\/147278"}],"wp:attachment":[{"href":"https:\/\/mlin.es\/tienda\/wp-json\/wp\/v2\/media?parent=147568"}],"wp:term":[{"taxonomy":"product_cat","embeddable":true,"href":"https:\/\/mlin.es\/tienda\/wp-json\/wp\/v2\/product_cat?post=147568"},{"taxonomy":"product_tag","embeddable":true,"href":"https:\/\/mlin.es\/tienda\/wp-json\/wp\/v2\/product_tag?post=147568"}],"curies":[{"name":"wp","href":"https:\/\/api.w.org\/{rel}","templated":true}]}}