{"id":146871,"date":"2026-03-03T19:37:00","date_gmt":"2026-03-03T18:37:00","guid":{"rendered":"https:\/\/mlin.es\/tienda\/producto\/cubiertas-de-faros-para-renault-clio-2-b-sb231\/"},"modified":"2026-03-03T19:37:01","modified_gmt":"2026-03-03T18:37:01","slug":"csr-sb231","status":"publish","type":"product","link":"https:\/\/mlin.es\/tienda\/producto\/csr-sb231\/","title":{"rendered":"CSR-SB231"},"content":{"rendered":"<p><b>CSR-Automotive Scheinwerferblenden f\u00fcr Renault Clio 2\/B<\/b><UL><LI>Scheinwerferblenden passend f\u00fcr Renault Clio 2\/B<br \/> Baujahr 6\/2001-2012<\/LI><LI>passend f\u00fcr alle Modell-\/Karosserievarianten<\/LI><LI>Scheinwerferblenden Paar &#8211; rechts \/ links<\/LI><LI>Mit gutachterlicher Stellungnahme und somit eintragungsfrei<\/LI><\/p>\n<li><b>Saubere und einfache Befestigung mittels<br \/>3M\u2122 Acrylic Plus Klebeband PT 1100<\/b> mit extrem hoher Soforthaftung und hoher Klebkraft<\/LI>\n<li>Die Montage mit dem 3M\u2122 Klebeband PT 1100 erfolgt in drei einfachen Schritten:\n<ul>   <LI>Den Untergrund mit dem beiliegenden 3M Reinigungstuch reinigen<\/li>\n<p>   <LI>Den Schutzstreifen vom  vorkonfektionierten und vormontierten Klebeband abziehen<\/li>\n<p>   <LI>Ankleben, fertig!<\/li>\n<p><\/LI><\/ul>\n<p>  <b>3M\u2122 Acrylic Plus Klebeband PT 1100<\/b> ist ein  4-lagiges schwarzes doppelseitiges Acrylatklebstoffband mit sehr hoher Sofortklebkraft das speziell f\u00fcr den Automotiv-Bereich entwickelt wurde und ideal geeignet ist zur Befestigungen von starren Anbauteilen bei denen eine \u00e4sthetische Sichtkante gew\u00fcnscht ist. PT1100 verf\u00fcgt \u00fcber eine sehr gute Adh\u00e4sion zu einer Vielzahl von automobilen Oberfl\u00e4chen, gute innere Festigkeit, hervorragende Langzeitstabilit\u00e4t sowie sehr gute Anpassungsf\u00e4higkeit an die zu verklebenden Fl\u00e4chen. Durch die einzigartige viskoelastische Eigenschaft des PT1100 werden Spannungen in der Klebenaht hervorragend abgebaut, so dass \u00e4u\u00dferst haltbare Verbindungen entstehen.<\/li>\n<p> <LI><b>Hohe Haltbarkeit<\/b> auch in Waschstra\u00dfen, bei hohen Geschwindigkeiten und extremen Temperaturen und Feuchtigkeit sowie Hohe Schock- und Witterungsbest\u00e4ndigkeit<\/li>\n<p> <LI><b>Einfacher R\u00fcckbau<\/b> ohne Sch\u00e4den am Scheinwerfer<\/li>\n<p><LI>Scheinwerferblenden sind aus hochwertigem <b>Material ABS<\/b> gefertigt<\/LI><LI>Gleichm\u00e4\u00dfige Oberfl\u00e4chenstruktur erm\u00f6glicht eine <b>Lackierung ohne gro\u00dfe Vorarbeiten<\/b> (Produkt ist unlackiert)<\/LI><LI>Material ist flexibel<\/LI><\/UL><\/p>\n","protected":false},"excerpt":{"rendered":"<p>Scheinwerferblenden inkl. 3M\u2122 Acrylic Plus Klebeband PT 1100 \/ mit gutachterlicher Stellungnahme &#8211; eintragungsfrei<\/p>\n","protected":false},"featured_media":146872,"comment_status":"closed","ping_status":"open","template":"","meta":[],"product_cat":[],"product_tag":[12841],"class_list":{"0":"post-146871","1":"product","2":"type-product","3":"status-publish","4":"has-post-thumbnail","6":"product_tag-csr","7":"product_shipping_class-csr","9":"first","10":"instock","11":"taxable","12":"shipping-taxable","13":"purchasable","14":"product-type-simple"},"_links":{"self":[{"href":"https:\/\/mlin.es\/tienda\/wp-json\/wp\/v2\/product\/146871","targetHints":{"allow":["GET"]}}],"collection":[{"href":"https:\/\/mlin.es\/tienda\/wp-json\/wp\/v2\/product"}],"about":[{"href":"https:\/\/mlin.es\/tienda\/wp-json\/wp\/v2\/types\/product"}],"replies":[{"embeddable":true,"href":"https:\/\/mlin.es\/tienda\/wp-json\/wp\/v2\/comments?post=146871"}],"wp:featuredmedia":[{"embeddable":true,"href":"https:\/\/mlin.es\/tienda\/wp-json\/wp\/v2\/media\/146872"}],"wp:attachment":[{"href":"https:\/\/mlin.es\/tienda\/wp-json\/wp\/v2\/media?parent=146871"}],"wp:term":[{"taxonomy":"product_cat","embeddable":true,"href":"https:\/\/mlin.es\/tienda\/wp-json\/wp\/v2\/product_cat?post=146871"},{"taxonomy":"product_tag","embeddable":true,"href":"https:\/\/mlin.es\/tienda\/wp-json\/wp\/v2\/product_tag?post=146871"}],"curies":[{"name":"wp","href":"https:\/\/api.w.org\/{rel}","templated":true}]}}