{"id":146537,"date":"2026-03-03T19:28:30","date_gmt":"2026-03-03T18:28:30","guid":{"rendered":"https:\/\/mlin.es\/tienda\/producto\/faldon-trasero-para-vw-golf-4-ha116\/"},"modified":"2026-03-03T19:28:31","modified_gmt":"2026-03-03T18:28:31","slug":"csr-ha116","status":"publish","type":"product","link":"https:\/\/mlin.es\/tienda\/producto\/csr-ha116\/","title":{"rendered":"CSR-HA116"},"content":{"rendered":"<p><b>CSR-Automotive Diffusor | Heckansatz f\u00fcr VW Golf 4<\/b><UL><LI>Heckansatz passend f\u00fcr VW Golf 4 Baujahr 1997-2006<LI>f\u00fcr Modell-\/Karosserievariante(n) 3\/5 T\u00fcrer Schr\u00e4gheck<LI>im 25 Jahre Jubil\u00e4umsstyle, mit Auspuffausschnitt<LI>Mit gutachterlicher Stellungnahme und somit eintragungsfrei<LI>Inkl. Montagezubeh\u00f6r, sofern notwendig<LI>Inklusive Montageanleitung<LI>Heckansatz ist aus hochwertigem Material ABS gefertigt<LI>Gleichm\u00e4\u00dfige Oberfl\u00e4chenstruktur erm\u00f6glicht eine Lackierung ohne gro\u00dfe Vorarbeiten (Produkt ist unlackiert)<LI>Material ist flexibel<LI>Gegenstand dieses Angebotes sind nur die im Bild \u00abLieferumfang\u00bb hervorgehobenen Anbauteile.<\/UL><\/p>\n","protected":false},"excerpt":{"rendered":"<p>Heckspoiler Hecklippe mit gutachterlicher Stellungnahme &#8211; eintragungsfrei<\/p>\n","protected":false},"featured_media":146538,"comment_status":"closed","ping_status":"open","template":"","meta":[],"product_cat":[],"product_tag":[12841],"class_list":{"0":"post-146537","1":"product","2":"type-product","3":"status-publish","4":"has-post-thumbnail","6":"product_tag-csr","7":"product_shipping_class-csr","9":"first","10":"instock","11":"taxable","12":"shipping-taxable","13":"purchasable","14":"product-type-simple"},"_links":{"self":[{"href":"https:\/\/mlin.es\/tienda\/wp-json\/wp\/v2\/product\/146537","targetHints":{"allow":["GET"]}}],"collection":[{"href":"https:\/\/mlin.es\/tienda\/wp-json\/wp\/v2\/product"}],"about":[{"href":"https:\/\/mlin.es\/tienda\/wp-json\/wp\/v2\/types\/product"}],"replies":[{"embeddable":true,"href":"https:\/\/mlin.es\/tienda\/wp-json\/wp\/v2\/comments?post=146537"}],"wp:featuredmedia":[{"embeddable":true,"href":"https:\/\/mlin.es\/tienda\/wp-json\/wp\/v2\/media\/146538"}],"wp:attachment":[{"href":"https:\/\/mlin.es\/tienda\/wp-json\/wp\/v2\/media?parent=146537"}],"wp:term":[{"taxonomy":"product_cat","embeddable":true,"href":"https:\/\/mlin.es\/tienda\/wp-json\/wp\/v2\/product_cat?post=146537"},{"taxonomy":"product_tag","embeddable":true,"href":"https:\/\/mlin.es\/tienda\/wp-json\/wp\/v2\/product_tag?post=146537"}],"curies":[{"name":"wp","href":"https:\/\/api.w.org\/{rel}","templated":true}]}}