{"id":146195,"date":"2026-03-03T19:17:23","date_gmt":"2026-03-03T18:17:23","guid":{"rendered":"https:\/\/mlin.es\/tienda\/producto\/spoiler-de-faldones-laterales-para-seat-ibiza-6l-vw-polo-9n-skoda-fabia-1-ss373\/"},"modified":"2026-03-03T19:17:23","modified_gmt":"2026-03-03T18:17:23","slug":"csr-ss373","status":"publish","type":"product","link":"https:\/\/mlin.es\/tienda\/producto\/csr-ss373\/","title":{"rendered":"CSR-SS373"},"content":{"rendered":"<p><b>CSR-Automotive Seitenschweller f\u00fcr Seat Ibiza 6L \/ VW Polo 9N und 9N3 \/ Skoda Fabia 1<\/b><UL><LI>Seitenschweller-Set (2 St\u00fcck) passend f\u00fcr <UL><LI>Seat Ibiza 6L, Baujahr 10\/2002 bis 2008<LI>VW Polo 9N \/ 9N3, Baujahr 2001-2009<LI>Skoda Fabia 1 6Y, Baujahr 1999-2007<\/UL><LI>passend f\u00fcr alle Modell-\/Karosserievarianten<LI>Mit gutachterlicher Stellungnahme und somit eintragungsfrei<LI>Inkl. Montagezubeh\u00f6r, sofern notwendig<LI>Inklusive Montageanleitung<LI>Seitenschweller ist aus dem innovativen und hochwertigen Material <b>Fiberflex<\/b> gefertigt. Die Vorteile dieses neuartigen Verbundwerkstoffes: Extrem hohe Flexibilit\u00e4t bei gleichzeitig gro\u00dfer Stabilit\u00e4t, Splitterfestigkeit, und Nichtentflammbarkeit. Eine sehr hohe Fertigungsqualit\u00e4t und das geringe Gewicht erlauben sogar einen Einsatz im Profirennsport. Die charakteristische schwarze Oberfl\u00e4che zeichnet sich durch gute Bearbeitungsm\u00f6glichkeiten aus und garantiert professionelle Ergebnisse. Produkte aus Fiberflex von CSR-Automotive eignen sich dank bester Schneid- und Klebeeigenschaften in hervorragender Weise f\u00fcr Reparatur- und weitere Umbauarbeiten.<LI>Gleichm\u00e4\u00dfige Oberfl\u00e4chenstruktur erm\u00f6glicht eine Lackierung ohne gro\u00dfe Vorarbeiten (Produkt ist unlackiert)<LI>Material ist flexibel<\/UL><\/p>\n","protected":false},"excerpt":{"rendered":"<p>Seitenschweller mit gutachterlicher Stellungnahme &#8211; eintragungsfrei<\/p>\n","protected":false},"featured_media":146196,"comment_status":"closed","ping_status":"open","template":"","meta":[],"product_cat":[],"product_tag":[12841],"class_list":{"0":"post-146195","1":"product","2":"type-product","3":"status-publish","4":"has-post-thumbnail","6":"product_tag-csr","7":"product_shipping_class-csr","9":"first","10":"instock","11":"taxable","12":"shipping-taxable","13":"purchasable","14":"product-type-simple"},"_links":{"self":[{"href":"https:\/\/mlin.es\/tienda\/wp-json\/wp\/v2\/product\/146195","targetHints":{"allow":["GET"]}}],"collection":[{"href":"https:\/\/mlin.es\/tienda\/wp-json\/wp\/v2\/product"}],"about":[{"href":"https:\/\/mlin.es\/tienda\/wp-json\/wp\/v2\/types\/product"}],"replies":[{"embeddable":true,"href":"https:\/\/mlin.es\/tienda\/wp-json\/wp\/v2\/comments?post=146195"}],"wp:featuredmedia":[{"embeddable":true,"href":"https:\/\/mlin.es\/tienda\/wp-json\/wp\/v2\/media\/146196"}],"wp:attachment":[{"href":"https:\/\/mlin.es\/tienda\/wp-json\/wp\/v2\/media?parent=146195"}],"wp:term":[{"taxonomy":"product_cat","embeddable":true,"href":"https:\/\/mlin.es\/tienda\/wp-json\/wp\/v2\/product_cat?post=146195"},{"taxonomy":"product_tag","embeddable":true,"href":"https:\/\/mlin.es\/tienda\/wp-json\/wp\/v2\/product_tag?post=146195"}],"curies":[{"name":"wp","href":"https:\/\/api.w.org\/{rel}","templated":true}]}}