{"id":145782,"date":"2025-06-20T17:46:51","date_gmt":"2025-06-20T15:46:51","guid":{"rendered":"https:\/\/mlin.es\/tienda\/producto\/faldon-trasero-para-skoda-rapid-hl122\/"},"modified":"2025-09-11T11:05:21","modified_gmt":"2025-09-11T09:05:21","slug":"faldon-trasero-para-skoda-rapid-hl122","status":"publish","type":"product","link":"https:\/\/mlin.es\/tienda\/producto\/faldon-trasero-para-skoda-rapid-hl122\/","title":{"rendered":"Fald\u00f3n trasero para Skoda Rapid HL122"},"content":{"rendered":"<p>Aler\u00f3n trasero CSR-Automotive para Skoda Rapid<\/b><UL><LI>Aler\u00f3n trasero compatible con Skoda Rapid fabricados a partir de 2012<LI>Compatible con todos los modelos\/carrocer\u00edas<LI>La instalaci\u00f3n es muy sencilla gracias a la tira adhesiva integrada y el aler\u00f3n se fija en segundos.<LI>No requiere certificado, por lo que se requiere una homologaci\u00f3n individual seg\u00fan el \u00a721 del StVZO. Si lo solicita, podemos suministrar este art\u00edculo con certificado de material.<LI>El aler\u00f3n trasero est\u00e1 fabricado con pl\u00e1stico flexible de alta calidad.<LI>Su estructura uniforme permite pintarlo sin necesidad de una preparaci\u00f3n exhaustiva (el producto no est\u00e1 pintado).<LI>El material es flexible.<LI>Im\u00e1genes comparativas: las im\u00e1genes muestran el art\u00edculo montado en un BMW E36 Cabriolet.<\/UL><\/p>\n","protected":false},"excerpt":{"rendered":"<p>Labio de spoiler\/labio<\/p>\n","protected":false},"featured_media":145783,"comment_status":"closed","ping_status":"open","template":"","meta":[],"product_cat":[],"product_tag":[12841],"class_list":{"0":"post-145782","1":"product","2":"type-product","3":"status-publish","4":"has-post-thumbnail","6":"product_tag-csr","7":"product_shipping_class-csr","9":"first","10":"instock","11":"taxable","12":"shipping-taxable","13":"purchasable","14":"product-type-simple"},"_links":{"self":[{"href":"https:\/\/mlin.es\/tienda\/wp-json\/wp\/v2\/product\/145782","targetHints":{"allow":["GET"]}}],"collection":[{"href":"https:\/\/mlin.es\/tienda\/wp-json\/wp\/v2\/product"}],"about":[{"href":"https:\/\/mlin.es\/tienda\/wp-json\/wp\/v2\/types\/product"}],"replies":[{"embeddable":true,"href":"https:\/\/mlin.es\/tienda\/wp-json\/wp\/v2\/comments?post=145782"}],"wp:featuredmedia":[{"embeddable":true,"href":"https:\/\/mlin.es\/tienda\/wp-json\/wp\/v2\/media\/145783"}],"wp:attachment":[{"href":"https:\/\/mlin.es\/tienda\/wp-json\/wp\/v2\/media?parent=145782"}],"wp:term":[{"taxonomy":"product_cat","embeddable":true,"href":"https:\/\/mlin.es\/tienda\/wp-json\/wp\/v2\/product_cat?post=145782"},{"taxonomy":"product_tag","embeddable":true,"href":"https:\/\/mlin.es\/tienda\/wp-json\/wp\/v2\/product_tag?post=145782"}],"curies":[{"name":"wp","href":"https:\/\/api.w.org\/{rel}","templated":true}]}}