{"id":144545,"date":"2026-03-03T18:22:54","date_gmt":"2026-03-03T17:22:54","guid":{"rendered":"https:\/\/mlin.es\/tienda\/producto\/aleron-trasero-para-audi-a1-8x-3-puertas-hf330\/"},"modified":"2026-03-03T18:22:54","modified_gmt":"2026-03-03T17:22:54","slug":"csr-hf330","status":"publish","type":"product","link":"https:\/\/mlin.es\/tienda\/producto\/csr-hf330\/","title":{"rendered":"CSR-HF330"},"content":{"rendered":"<p><b>CSR-Automotive Heckspoiler | Heckfl\u00fcgel f\u00fcr Audi A1 (8X)<\/b><UL><LI>Dachspoiler mit integrierten Luftdiffusoren passend f\u00fcr Audi A1 (8X) Baujahr ab 2010<\/LI><LI>passend f\u00fcr die Modell-\/Karosserievariante(n) 3-T\u00fcrer<\/LI><LI>nicht passend f\u00fcr Sportback (5-T\u00fcrer)<\/LI><LI>das abgebildete Fahrzeug hat zwei Heckspoiler, hier handelt es sich um den oberen<\/LI><LI>Mit fahrzeugspezifischem Teilegutachten f\u00fcr eine Anbauabnahme nach \u00a719.3 StVZO<\/LI><LI>Inkl. Montagezubeh\u00f6r, sofern notwendig<\/LI><LI>Inklusive Montageanleitung<\/LI><LI>Heckspoiler ist aus hochwertigem Material GFK gefertigt<\/LI><LI>Gleichm\u00e4\u00dfige Oberfl\u00e4chenstruktur erm\u00f6glicht eine Lackierung ohne gro\u00dfe Vorarbeiten (Produkt ist unlackiert)<\/LI><LI>Material ist flexibel<\/LI><\/UL><\/p>\n","protected":false},"excerpt":{"rendered":"<p>Heck Fl\u00fcgel aus GFK mit fahrzeugspezifischem Teilegutachten<\/p>\n","protected":false},"featured_media":144546,"comment_status":"closed","ping_status":"open","template":"","meta":[],"product_cat":[],"product_tag":[12841],"class_list":{"0":"post-144545","1":"product","2":"type-product","3":"status-publish","4":"has-post-thumbnail","6":"product_tag-csr","7":"product_shipping_class-csr","9":"first","10":"instock","11":"taxable","12":"shipping-taxable","13":"purchasable","14":"product-type-simple"},"_links":{"self":[{"href":"https:\/\/mlin.es\/tienda\/wp-json\/wp\/v2\/product\/144545","targetHints":{"allow":["GET"]}}],"collection":[{"href":"https:\/\/mlin.es\/tienda\/wp-json\/wp\/v2\/product"}],"about":[{"href":"https:\/\/mlin.es\/tienda\/wp-json\/wp\/v2\/types\/product"}],"replies":[{"embeddable":true,"href":"https:\/\/mlin.es\/tienda\/wp-json\/wp\/v2\/comments?post=144545"}],"wp:featuredmedia":[{"embeddable":true,"href":"https:\/\/mlin.es\/tienda\/wp-json\/wp\/v2\/media\/144546"}],"wp:attachment":[{"href":"https:\/\/mlin.es\/tienda\/wp-json\/wp\/v2\/media?parent=144545"}],"wp:term":[{"taxonomy":"product_cat","embeddable":true,"href":"https:\/\/mlin.es\/tienda\/wp-json\/wp\/v2\/product_cat?post=144545"},{"taxonomy":"product_tag","embeddable":true,"href":"https:\/\/mlin.es\/tienda\/wp-json\/wp\/v2\/product_tag?post=144545"}],"curies":[{"name":"wp","href":"https:\/\/api.w.org\/{rel}","templated":true}]}}