{"id":144381,"date":"2026-03-03T18:16:13","date_gmt":"2026-03-03T17:16:13","guid":{"rendered":"https:\/\/mlin.es\/tienda\/producto\/faldones-laterales-para-seat-ibiza-6j-ss139\/"},"modified":"2026-03-03T18:16:13","modified_gmt":"2026-03-03T17:16:13","slug":"csr-ss139","status":"publish","type":"product","link":"https:\/\/mlin.es\/tienda\/producto\/csr-ss139\/","title":{"rendered":"CSR-SS139"},"content":{"rendered":"<p><b>CSR-Automotive Seitenschweller f\u00fcr Seat Ibiza 6J<\/b><UL><LI>Seitenschweller-Set (2 St\u00fcck) passend f\u00fcr Seat Ibiza 6J Baujahr ab ab 2008<LI>f\u00fcr alle Varianten, nur 5-t\u00fcrer<LI>Mit gutachterlicher Stellungnahme und somit eintragungsfrei<LI>Inkl. Montagezubeh\u00f6r, sofern notwendig<LI>Inklusive Montageanleitung<LI>Seitenschweller ist aus hochwertigem Material GFK gefertigt<LI>Gleichm\u00e4\u00dfige Oberfl\u00e4chenstruktur erm\u00f6glicht eine Lackierung ohne gro\u00dfe Vorarbeiten (Produkt ist unlackiert)<LI>Material ist flexibel<\/UL><\/p>\n","protected":false},"excerpt":{"rendered":"<p>Seitenschweller mit gutachterlicher Stellungnahme &#8211; eintragungsfrei<\/p>\n","protected":false},"featured_media":144382,"comment_status":"closed","ping_status":"open","template":"","meta":[],"product_cat":[],"product_tag":[12841],"class_list":{"0":"post-144381","1":"product","2":"type-product","3":"status-publish","4":"has-post-thumbnail","6":"product_tag-csr","7":"product_shipping_class-csr","9":"first","10":"instock","11":"taxable","12":"shipping-taxable","13":"purchasable","14":"product-type-simple"},"_links":{"self":[{"href":"https:\/\/mlin.es\/tienda\/wp-json\/wp\/v2\/product\/144381","targetHints":{"allow":["GET"]}}],"collection":[{"href":"https:\/\/mlin.es\/tienda\/wp-json\/wp\/v2\/product"}],"about":[{"href":"https:\/\/mlin.es\/tienda\/wp-json\/wp\/v2\/types\/product"}],"replies":[{"embeddable":true,"href":"https:\/\/mlin.es\/tienda\/wp-json\/wp\/v2\/comments?post=144381"}],"wp:featuredmedia":[{"embeddable":true,"href":"https:\/\/mlin.es\/tienda\/wp-json\/wp\/v2\/media\/144382"}],"wp:attachment":[{"href":"https:\/\/mlin.es\/tienda\/wp-json\/wp\/v2\/media?parent=144381"}],"wp:term":[{"taxonomy":"product_cat","embeddable":true,"href":"https:\/\/mlin.es\/tienda\/wp-json\/wp\/v2\/product_cat?post=144381"},{"taxonomy":"product_tag","embeddable":true,"href":"https:\/\/mlin.es\/tienda\/wp-json\/wp\/v2\/product_tag?post=144381"}],"curies":[{"name":"wp","href":"https:\/\/api.w.org\/{rel}","templated":true}]}}