{"id":144376,"date":"2026-03-03T18:16:04","date_gmt":"2026-03-03T17:16:04","guid":{"rendered":"https:\/\/mlin.es\/tienda\/producto\/faldon-trasero-para-bmw-e36-compact-ha005\/"},"modified":"2026-03-03T18:16:04","modified_gmt":"2026-03-03T17:16:04","slug":"csr-ha005","status":"publish","type":"product","link":"https:\/\/mlin.es\/tienda\/producto\/csr-ha005\/","title":{"rendered":"CSR-HA005"},"content":{"rendered":"<p><b>CSR-Automotive Diffusor | Heckansatz f\u00fcr BMW E36 Compact<\/b><UL><LI>Heckansatz passend f\u00fcr BMW E36 Compact Baujahr 1992-2000<LI>f\u00fcr Modell-\/Karosserievariante(n) Compact<LI>Mit gutachterlicher Stellungnahme und somit eintragungsfrei<LI>Inkl. Montagezubeh\u00f6r, sofern notwendig<LI>Inklusive Montageanleitung<LI>Heckansatz ist aus hochwertigem Material GFK gefertigt<LI>Gleichm\u00e4\u00dfige Oberfl\u00e4chenstruktur erm\u00f6glicht eine Lackierung ohne gro\u00dfe Vorarbeiten (Produkt ist unlackiert)<LI>Material ist flexibel<LI>Gegenstand dieses Angebotes sind nur die im Bild \u00abLieferumfang\u00bb hervorgehobenen Anbauteile.<\/UL><\/p>\n","protected":false},"excerpt":{"rendered":"<p>Heckspoiler Hecklippe mit gutachterlicher Stellungnahme &#8211; eintragungsfrei<\/p>\n","protected":false},"featured_media":144377,"comment_status":"closed","ping_status":"open","template":"","meta":[],"product_cat":[],"product_tag":[12841],"class_list":{"0":"post-144376","1":"product","2":"type-product","3":"status-publish","4":"has-post-thumbnail","6":"product_tag-csr","7":"product_shipping_class-csr","9":"first","10":"instock","11":"taxable","12":"shipping-taxable","13":"purchasable","14":"product-type-simple"},"_links":{"self":[{"href":"https:\/\/mlin.es\/tienda\/wp-json\/wp\/v2\/product\/144376","targetHints":{"allow":["GET"]}}],"collection":[{"href":"https:\/\/mlin.es\/tienda\/wp-json\/wp\/v2\/product"}],"about":[{"href":"https:\/\/mlin.es\/tienda\/wp-json\/wp\/v2\/types\/product"}],"replies":[{"embeddable":true,"href":"https:\/\/mlin.es\/tienda\/wp-json\/wp\/v2\/comments?post=144376"}],"wp:featuredmedia":[{"embeddable":true,"href":"https:\/\/mlin.es\/tienda\/wp-json\/wp\/v2\/media\/144377"}],"wp:attachment":[{"href":"https:\/\/mlin.es\/tienda\/wp-json\/wp\/v2\/media?parent=144376"}],"wp:term":[{"taxonomy":"product_cat","embeddable":true,"href":"https:\/\/mlin.es\/tienda\/wp-json\/wp\/v2\/product_cat?post=144376"},{"taxonomy":"product_tag","embeddable":true,"href":"https:\/\/mlin.es\/tienda\/wp-json\/wp\/v2\/product_tag?post=144376"}],"curies":[{"name":"wp","href":"https:\/\/api.w.org\/{rel}","templated":true}]}}