{"id":144258,"date":"2026-03-03T18:09:51","date_gmt":"2026-03-03T17:09:51","guid":{"rendered":"https:\/\/mlin.es\/tienda\/producto\/cubiertas-de-faros-para-seat-ibiza-6j-sb043\/"},"modified":"2026-03-03T18:09:51","modified_gmt":"2026-03-03T17:09:51","slug":"csr-sb043","status":"publish","type":"product","link":"https:\/\/mlin.es\/tienda\/producto\/csr-sb043\/","title":{"rendered":"CSR-SB043"},"content":{"rendered":"<p><b>CSR-Automotive Scheinwerferblenden f\u00fcr Seat Ibiza 6J<\/b><UL><LI>Scheinwerferblenden passend f\u00fcr Seat Ibiza 6J Baujahr 2008-4\/2012<\/LI><LI>Auch passend nach 4\/2012 wenn die Blende um ca. 5mm zum Grill hin gek\u00fcrzt wird<\/LI><LI>f\u00fcr alle Modell-\/Karosserievariante(n)<\/LI><LI>Scheinwerferblenden Paar &#8211; rechts \/ links<\/LI><LI>Mit gutachterlicher Stellungnahme und somit eintragungsfrei<\/LI><LI>inklusive Klebestreifen zur schnellen und einfachen Montage<\/LI><LI>Inklusive Montageanleitung<\/LI><LI>Scheinwerferblenden sind aus hochwertigem Material ABS gefertigt<\/LI><LI>Gleichm\u00e4\u00dfige Oberfl\u00e4chenstruktur erm\u00f6glicht eine Lackierung ohne gro\u00dfe Vorarbeiten (Produkt ist unlackiert)<\/LI><LI>Material ist flexibel<\/LI><\/UL><\/p>\n","protected":false},"excerpt":{"rendered":"<p>Scheinwerferblenden mit Klebestreifen &#8211; eintragungsfrei<\/p>\n","protected":false},"featured_media":144259,"comment_status":"closed","ping_status":"open","template":"","meta":[],"product_cat":[],"product_tag":[12841],"class_list":{"0":"post-144258","1":"product","2":"type-product","3":"status-publish","4":"has-post-thumbnail","6":"product_tag-csr","7":"product_shipping_class-csr","9":"first","10":"instock","11":"taxable","12":"shipping-taxable","13":"purchasable","14":"product-type-simple"},"_links":{"self":[{"href":"https:\/\/mlin.es\/tienda\/wp-json\/wp\/v2\/product\/144258","targetHints":{"allow":["GET"]}}],"collection":[{"href":"https:\/\/mlin.es\/tienda\/wp-json\/wp\/v2\/product"}],"about":[{"href":"https:\/\/mlin.es\/tienda\/wp-json\/wp\/v2\/types\/product"}],"replies":[{"embeddable":true,"href":"https:\/\/mlin.es\/tienda\/wp-json\/wp\/v2\/comments?post=144258"}],"wp:featuredmedia":[{"embeddable":true,"href":"https:\/\/mlin.es\/tienda\/wp-json\/wp\/v2\/media\/144259"}],"wp:attachment":[{"href":"https:\/\/mlin.es\/tienda\/wp-json\/wp\/v2\/media?parent=144258"}],"wp:term":[{"taxonomy":"product_cat","embeddable":true,"href":"https:\/\/mlin.es\/tienda\/wp-json\/wp\/v2\/product_cat?post=144258"},{"taxonomy":"product_tag","embeddable":true,"href":"https:\/\/mlin.es\/tienda\/wp-json\/wp\/v2\/product_tag?post=144258"}],"curies":[{"name":"wp","href":"https:\/\/api.w.org\/{rel}","templated":true}]}}