{"id":144223,"date":"2026-03-03T18:08:58","date_gmt":"2026-03-03T17:08:58","guid":{"rendered":"https:\/\/mlin.es\/tienda\/producto\/cubiertas-de-faros-para-audi-a3-8p-8pa-sportback-sb033\/"},"modified":"2026-03-03T18:08:58","modified_gmt":"2026-03-03T17:08:58","slug":"csr-sb033","status":"publish","type":"product","link":"https:\/\/mlin.es\/tienda\/producto\/csr-sb033\/","title":{"rendered":"CSR-SB033"},"content":{"rendered":"<p><b>CSR-Automotive Scheinwerferblenden f\u00fcr Audi A3 8P \/ 8PA Sportback<\/b><UL><LI>Scheinwerferblenden passend f\u00fcr <\/LI><UL><LI>Audi A3 8PBaujahr 2005-2010 <br \/>f\u00fcr die Modell-\/Karosserievariante(n) Schr\u00e4gheck\/Cabrio 3-T\u00fcrer<\/LI><\/UL><UL><LI>Audi A3 8PA Sportback Baujahr 09\/2004-2010 <br \/>f\u00fcr die Modell-\/Karosserievariante(n) Schr\u00e4gheck 5-T\u00fcrer<\/LI><\/UL><LI>Scheinwerferblenden Paar &#8211; rechts \/ links<\/LI><LI>Mit gutachterlicher Stellungnahme und somit eintragungsfrei<\/LI><LI>inklusive Klebestreifen zur schnellen und einfachen Montage<\/LI><LI>Inklusive Montageanleitung<\/LI><LI>Scheinwerferblenden sind aus hochwertigem Material ABS gefertigt<\/LI><LI>Gleichm\u00e4\u00dfige Oberfl\u00e4chenstruktur erm\u00f6glicht eine Lackierung ohne gro\u00dfe Vorarbeiten (Produkt ist unlackiert)<\/LI><LI>Material ist flexibel<\/LI><\/UL><\/p>\n","protected":false},"excerpt":{"rendered":"<p>Scheinwerferblenden mit Klebestreifen &#8211; eintragungsfrei<\/p>\n","protected":false},"featured_media":144224,"comment_status":"closed","ping_status":"open","template":"","meta":[],"product_cat":[],"product_tag":[12841],"class_list":{"0":"post-144223","1":"product","2":"type-product","3":"status-publish","4":"has-post-thumbnail","6":"product_tag-csr","7":"product_shipping_class-csr","9":"first","10":"instock","11":"taxable","12":"shipping-taxable","13":"purchasable","14":"product-type-simple"},"_links":{"self":[{"href":"https:\/\/mlin.es\/tienda\/wp-json\/wp\/v2\/product\/144223","targetHints":{"allow":["GET"]}}],"collection":[{"href":"https:\/\/mlin.es\/tienda\/wp-json\/wp\/v2\/product"}],"about":[{"href":"https:\/\/mlin.es\/tienda\/wp-json\/wp\/v2\/types\/product"}],"replies":[{"embeddable":true,"href":"https:\/\/mlin.es\/tienda\/wp-json\/wp\/v2\/comments?post=144223"}],"wp:featuredmedia":[{"embeddable":true,"href":"https:\/\/mlin.es\/tienda\/wp-json\/wp\/v2\/media\/144224"}],"wp:attachment":[{"href":"https:\/\/mlin.es\/tienda\/wp-json\/wp\/v2\/media?parent=144223"}],"wp:term":[{"taxonomy":"product_cat","embeddable":true,"href":"https:\/\/mlin.es\/tienda\/wp-json\/wp\/v2\/product_cat?post=144223"},{"taxonomy":"product_tag","embeddable":true,"href":"https:\/\/mlin.es\/tienda\/wp-json\/wp\/v2\/product_tag?post=144223"}],"curies":[{"name":"wp","href":"https:\/\/api.w.org\/{rel}","templated":true}]}}