{"id":143999,"date":"2026-03-03T18:00:05","date_gmt":"2026-03-03T17:00:05","guid":{"rendered":"https:\/\/mlin.es\/tienda\/producto\/aproximacion-frontal-para-audi-a3-8p-8-pa-sportback-fa062\/"},"modified":"2026-03-03T18:00:05","modified_gmt":"2026-03-03T17:00:05","slug":"csr-fa062","status":"publish","type":"product","link":"https:\/\/mlin.es\/tienda\/producto\/csr-fa062\/","title":{"rendered":"CSR-FA062"},"content":{"rendered":"<p><b>CSR-Automotive Frontansatz \/ Frontspoilerlippe f\u00fcr Audi A3 8P \/ 8PA Sportback<\/b><UL><LI>Frontspoilerlippe in SF-Line Designpassend f\u00fcr<\/LI> <UL><LI>Audi A3 8P Baujahr 2005-2008<br \/>f\u00fcr die Modell-\/Karosserievariante(n) Schr\u00e4gheck 3-t\u00fcrer<br \/>nicht passend an S-Line Sto\u00dfstangen<\/LI><\/UL><UL><LI>Audi A3 8PA Sportback Baujahr 09\/2004-2008<br \/>f\u00fcr die Modell-\/Karosserievariante(n) Schr\u00e4gheck 5-t\u00fcrer (Sportback)<br \/>nicht passend an S-Line Sto\u00dfstangen<\/LI><\/UL><LI>Mit fahrzeugspezifischem Teilegutachten f\u00fcr eine Anbauabnahme nach \u00a719.3 StVZO<\/LI><LI>Inkl. Montagezubeh\u00f6r, sofern notwendig<\/LI><LI>Inklusive Montageanleitung<\/LI><LI>Frontspoilerlippe ist aus hochwertigem Material ABS gefertigt<\/LI><LI>Gleichm\u00e4\u00dfige Oberfl\u00e4chenstruktur erm\u00f6glicht eine Lackierung ohne gro\u00dfe Vorarbeiten (Produkt ist unlackiert)<\/LI><LI>Material ist flexibel<\/LI><\/UL><\/p>\n","protected":false},"excerpt":{"rendered":"<p>Spoilerlippe \/ Front mit fahrzeugspezifischem Teilegutachten<\/p>\n","protected":false},"featured_media":144000,"comment_status":"closed","ping_status":"open","template":"","meta":[],"product_cat":[],"product_tag":[12841],"class_list":{"0":"post-143999","1":"product","2":"type-product","3":"status-publish","4":"has-post-thumbnail","6":"product_tag-csr","7":"product_shipping_class-csr","9":"first","10":"instock","11":"taxable","12":"shipping-taxable","13":"purchasable","14":"product-type-simple"},"_links":{"self":[{"href":"https:\/\/mlin.es\/tienda\/wp-json\/wp\/v2\/product\/143999","targetHints":{"allow":["GET"]}}],"collection":[{"href":"https:\/\/mlin.es\/tienda\/wp-json\/wp\/v2\/product"}],"about":[{"href":"https:\/\/mlin.es\/tienda\/wp-json\/wp\/v2\/types\/product"}],"replies":[{"embeddable":true,"href":"https:\/\/mlin.es\/tienda\/wp-json\/wp\/v2\/comments?post=143999"}],"wp:featuredmedia":[{"embeddable":true,"href":"https:\/\/mlin.es\/tienda\/wp-json\/wp\/v2\/media\/144000"}],"wp:attachment":[{"href":"https:\/\/mlin.es\/tienda\/wp-json\/wp\/v2\/media?parent=143999"}],"wp:term":[{"taxonomy":"product_cat","embeddable":true,"href":"https:\/\/mlin.es\/tienda\/wp-json\/wp\/v2\/product_cat?post=143999"},{"taxonomy":"product_tag","embeddable":true,"href":"https:\/\/mlin.es\/tienda\/wp-json\/wp\/v2\/product_tag?post=143999"}],"curies":[{"name":"wp","href":"https:\/\/api.w.org\/{rel}","templated":true}]}}