{"id":143829,"date":"2026-03-03T17:49:41","date_gmt":"2026-03-03T16:49:41","guid":{"rendered":"https:\/\/mlin.es\/tienda\/producto\/kit-de-carroceria-y-aleron-tuning-para-seat-cordoba-kc-bk106\/"},"modified":"2026-03-03T17:49:42","modified_gmt":"2026-03-03T16:49:42","slug":"csr-bk106","status":"publish","type":"product","link":"https:\/\/mlin.es\/tienda\/producto\/csr-bk106\/","title":{"rendered":"CSR-BK106"},"content":{"rendered":"<p><b>CSR-Automotive Bodykit f\u00fcr Seat Cordoba KC<\/b>Perfekte Optik aus einem Guss &#8211; Das bieten Ihnen die CSR-Automotive Bodykits. Ein komplettes Tuningpaket &#8211; abgestimmt auf Ihr Fahrzeug. <strong>Nutzen Sie Ihren Preisvorteil von EUR 98,00 <\/strong>gegen\u00fcber dem Kauf der in diesem Bodykit-Set enthaltenen Einzelteile (Der regul\u00e4re Preis betr\u00e4gt EUR 657,00)! Der Lieferumfang umfasst:<UL><LI>Bodykit Tuningpaket passend f\u00fcr Seat Cordoba KC  bestehend aus<LI>den CSR-Anbauteilen mit den Bestellnummern:FSK049, HSK049, SS115<br \/>(Mehr Infos siehe unten oder bitte die Suchfunktion im Shop nutzen. Bitte beachten Sie, dass auf den Fotos teilweise weitere, nicht in diesem Angebot enthaltene Produkte abgebildet sein k\u00f6nnen. Dieses Angebot umfasst nur die oben mit ihrer Artikelnummer angegebenen Teile!)<LI>Komplettes Montagezubeh\u00f6r, sofern notwendig<LI>Inklusive Montageanleitung<LI>Inkl. Streckgitter<\/LI><LI>Mit fahrzeugspezifischem Teilegutachten f\u00fcr eine Anbauabnahme nach \u00a719.3 StVZO<\/UL><\/p>\n","protected":false},"excerpt":{"rendered":"<p>Bodykit Tuning Komplettset mit fahrzeugspezifischem Teilegutachten<\/p>\n","protected":false},"featured_media":142927,"comment_status":"closed","ping_status":"open","template":"","meta":[],"product_cat":[],"product_tag":[12841],"class_list":{"0":"post-143829","1":"product","2":"type-product","3":"status-publish","4":"has-post-thumbnail","6":"product_tag-csr","7":"product_shipping_class-csr","9":"first","10":"instock","11":"taxable","12":"shipping-taxable","13":"purchasable","14":"product-type-simple"},"_links":{"self":[{"href":"https:\/\/mlin.es\/tienda\/wp-json\/wp\/v2\/product\/143829","targetHints":{"allow":["GET"]}}],"collection":[{"href":"https:\/\/mlin.es\/tienda\/wp-json\/wp\/v2\/product"}],"about":[{"href":"https:\/\/mlin.es\/tienda\/wp-json\/wp\/v2\/types\/product"}],"replies":[{"embeddable":true,"href":"https:\/\/mlin.es\/tienda\/wp-json\/wp\/v2\/comments?post=143829"}],"wp:featuredmedia":[{"embeddable":true,"href":"https:\/\/mlin.es\/tienda\/wp-json\/wp\/v2\/media\/142927"}],"wp:attachment":[{"href":"https:\/\/mlin.es\/tienda\/wp-json\/wp\/v2\/media?parent=143829"}],"wp:term":[{"taxonomy":"product_cat","embeddable":true,"href":"https:\/\/mlin.es\/tienda\/wp-json\/wp\/v2\/product_cat?post=143829"},{"taxonomy":"product_tag","embeddable":true,"href":"https:\/\/mlin.es\/tienda\/wp-json\/wp\/v2\/product_tag?post=143829"}],"curies":[{"name":"wp","href":"https:\/\/api.w.org\/{rel}","templated":true}]}}