{"id":143767,"date":"2026-03-03T17:45:32","date_gmt":"2026-03-03T16:45:32","guid":{"rendered":"https:\/\/mlin.es\/tienda\/producto\/aleron-delantero-tuning-facelift-para-audi-a8-d2-4d-fl005\/"},"modified":"2026-03-03T17:45:32","modified_gmt":"2026-03-03T16:45:32","slug":"csr-fl005","status":"publish","type":"product","link":"https:\/\/mlin.es\/tienda\/producto\/csr-fl005\/","title":{"rendered":"CSR-FL005"},"content":{"rendered":"<p><b>CSR-Automotive Facelift \/ Frontumbau f\u00fcr Audi A8 D2 \/ 4D<\/b>Neue Optik noch vor dem Modellwechsel gef\u00e4llig? Perfekte Optik aus einem Guss &#8211; Das bieten Ihnen die CSR-Automotive Facelifts. \u00dcberarbeiten Sie die Frontpartie Ihres Fahrzeugs mit einem kompletten Tuningpaket &#8211; abgestimmt auf Ihr Fahrzeug. <strong>Nutzen Sie Ihren Preisvorteil von EUR 129,00 <\/strong>gegen\u00fcber dem Kauf der in diesem Facelift-Set enthaltenen Einzelteile (Der regul\u00e4re Preis betr\u00e4gt EUR 998,00 )! Der Lieferumfang umfasst:<UL><LI>Facelift Tuningpaket passend f\u00fcr Audi A8 D2 \/ 4D  bestehend aus<LI>den CSR-Anbauteilen mit den Bestellnummern:FSK200,MOT200<br \/>(Mehr Infos siehe unten oder bitte die Suchfunktion im Shop nutzen. Bitte beachten Sie, dass auf den Fotos teilweise weitere, nicht in diesem Angebot enthaltene Produkte abgebildet sein k\u00f6nnen. Dieses Angebot umfasst nur die oben mit ihrer Artikelnummer angegebenen Teile!)<\/p>\n<li>Dieses Angebot umfasst eine komplette Motorhaube inkl. \u00abB\u00f6sem Blick\u00bb!<LI>Komplettes Montagezubeh\u00f6r, sofern notwendig<LI>Inklusive Montageanleitung<LI>Inkl. Streckgitter<\/LI><LI>Mit fahrzeugspezifischem Teilegutachten f\u00fcr eine Anbauabnahme nach \u00a719.3 StVZO<LI>Es wird ein Original Audi A8 Typ D3 Grill ben\u00f6tigt\n<li>Es wird ein Original Nebellampen-Kit Audi A3 S3 inkl. Gitter und Halter ben\u00f6tigt. Dieses k\u00f6nnen Sie direkt bei Audi mit den Ersatzteilnummern 8PO 807 681 D, 8PO 807 682 C, 8PO 807 151 A, 8PO 807 152 A, 8EO 941 699 C,8EO 941 700 Cbestellen.<\/UL><br \/>\n","protected":false},"excerpt":{"rendered":"<p>Facelift Front Tuning Komplettset mit fahrzeugspezifischem Teilegutachten<\/p>\n","protected":false},"featured_media":142161,"comment_status":"closed","ping_status":"open","template":"","meta":[],"product_cat":[],"product_tag":[12841],"class_list":{"0":"post-143767","1":"product","2":"type-product","3":"status-publish","4":"has-post-thumbnail","6":"product_tag-csr","7":"product_shipping_class-csr","9":"first","10":"instock","11":"taxable","12":"shipping-taxable","13":"purchasable","14":"product-type-simple"},"_links":{"self":[{"href":"https:\/\/mlin.es\/tienda\/wp-json\/wp\/v2\/product\/143767","targetHints":{"allow":["GET"]}}],"collection":[{"href":"https:\/\/mlin.es\/tienda\/wp-json\/wp\/v2\/product"}],"about":[{"href":"https:\/\/mlin.es\/tienda\/wp-json\/wp\/v2\/types\/product"}],"replies":[{"embeddable":true,"href":"https:\/\/mlin.es\/tienda\/wp-json\/wp\/v2\/comments?post=143767"}],"wp:featuredmedia":[{"embeddable":true,"href":"https:\/\/mlin.es\/tienda\/wp-json\/wp\/v2\/media\/142161"}],"wp:attachment":[{"href":"https:\/\/mlin.es\/tienda\/wp-json\/wp\/v2\/media?parent=143767"}],"wp:term":[{"taxonomy":"product_cat","embeddable":true,"href":"https:\/\/mlin.es\/tienda\/wp-json\/wp\/v2\/product_cat?post=143767"},{"taxonomy":"product_tag","embeddable":true,"href":"https:\/\/mlin.es\/tienda\/wp-json\/wp\/v2\/product_tag?post=143767"}],"curies":[{"name":"wp","href":"https:\/\/api.w.org\/{rel}","templated":true}]}}