{"id":143729,"date":"2026-03-03T17:42:13","date_gmt":"2026-03-03T16:42:13","guid":{"rendered":"https:\/\/mlin.es\/tienda\/producto\/kit-de-carroceria-y-aleron-tuning-para-audi-a3-8l-bk023\/"},"modified":"2026-03-03T17:42:13","modified_gmt":"2026-03-03T16:42:13","slug":"csr-bk023","status":"publish","type":"product","link":"https:\/\/mlin.es\/tienda\/producto\/csr-bk023\/","title":{"rendered":"CSR-BK023"},"content":{"rendered":"<p><b>CSR-Automotive Bodykit f\u00fcr Audi A3 8L<\/b>Perfekte Optik aus einem Guss &#8211; Das bieten Ihnen die CSR-Automotive Bodykits. Ein komplettes Tuningpaket &#8211; abgestimmt auf Ihr Fahrzeug. <strong>Nutzen Sie Ihren Preisvorteil von EUR 117,00<\/strong>gegen\u00fcber dem Kauf der in diesem Bodykit-Set enthaltenen Einzelteile (Der regul\u00e4re Preis betr\u00e4gt EUR 786,00)! Der Lieferumfang umfasst:<UL><LI>Bodykit Tuningpaket passend f\u00fcr Audi A3 8L  bestehend aus<LI>den CSR-Anbauteilen mit den Bestellnummern:FSK204,HSK024,SS201,MHV204<br \/>(Mehr Infos siehe unten oder bitte die Suchfunktion im Shop nutzen. Bitte beachten Sie, dass auf den Fotos teilweise weitere, nicht in diesem Angebot enthaltene Produkte abgebildet sein k\u00f6nnen. Dieses Angebot umfasst nur die oben mit ihrer Artikelnummer angegebenen Teile!)<LI>Komplettes Montagezubeh\u00f6r, sofern notwendig<LI>Inklusive Montageanleitung<\/p>\n<li>Mit fahrzeugspezifischem Teilegutachten f\u00fcr eine Anbauabnahme nach \u00a719.3 StVZO\n<li>Es wird ein Original Audi S4 Grill ben\u00f6tigt. Diesen k\u00f6nnen Sie direkt bei Audi mit der Ersatzteilnummer 8E0 853 851 M 1QP bestellen.\n<li>Es wird ein Original Nebellampen-Kit Audi A3 S3 inkl. Gitter und Halter ben\u00f6tigt. Dieses k\u00f6nnen Sie direkt bei Audi mit den Ersatzteilnummern 8PO 807 681 D, 8PO 807 682 C, 8PO 807 151 A, 8PO 807 152 A, 8EO 941 699 C,8EO 941 700 Cbestellen.<\/UL><br \/>\n","protected":false},"excerpt":{"rendered":"<p>Bodykit Tuning Komplettset mit fahrzeugspezifischem Teilegutachten<\/p>\n","protected":false},"featured_media":142124,"comment_status":"closed","ping_status":"open","template":"","meta":[],"product_cat":[],"product_tag":[12841],"class_list":{"0":"post-143729","1":"product","2":"type-product","3":"status-publish","4":"has-post-thumbnail","6":"product_tag-csr","7":"product_shipping_class-csr","9":"first","10":"instock","11":"taxable","12":"shipping-taxable","13":"purchasable","14":"product-type-simple"},"_links":{"self":[{"href":"https:\/\/mlin.es\/tienda\/wp-json\/wp\/v2\/product\/143729","targetHints":{"allow":["GET"]}}],"collection":[{"href":"https:\/\/mlin.es\/tienda\/wp-json\/wp\/v2\/product"}],"about":[{"href":"https:\/\/mlin.es\/tienda\/wp-json\/wp\/v2\/types\/product"}],"replies":[{"embeddable":true,"href":"https:\/\/mlin.es\/tienda\/wp-json\/wp\/v2\/comments?post=143729"}],"wp:featuredmedia":[{"embeddable":true,"href":"https:\/\/mlin.es\/tienda\/wp-json\/wp\/v2\/media\/142124"}],"wp:attachment":[{"href":"https:\/\/mlin.es\/tienda\/wp-json\/wp\/v2\/media?parent=143729"}],"wp:term":[{"taxonomy":"product_cat","embeddable":true,"href":"https:\/\/mlin.es\/tienda\/wp-json\/wp\/v2\/product_cat?post=143729"},{"taxonomy":"product_tag","embeddable":true,"href":"https:\/\/mlin.es\/tienda\/wp-json\/wp\/v2\/product_tag?post=143729"}],"curies":[{"name":"wp","href":"https:\/\/api.w.org\/{rel}","templated":true}]}}