{"id":143668,"date":"2026-03-03T17:38:48","date_gmt":"2026-03-03T16:38:48","guid":{"rendered":"https:\/\/mlin.es\/tienda\/producto\/capo-para-bmw-serie-3-e36-mot002\/"},"modified":"2026-03-03T17:38:48","modified_gmt":"2026-03-03T16:38:48","slug":"csr-mot002","status":"publish","type":"product","link":"https:\/\/mlin.es\/tienda\/producto\/csr-mot002\/","title":{"rendered":"CSR-MOT002"},"content":{"rendered":"<p><b>CSR-Automotive Motorhaube f\u00fcr BMW E36 3er<\/b><UL><LI>Motorhaube passend f\u00fcr BMW E36 3er Baujahr 1990-2000<LI>f\u00fcr Modell-\/Karosserievariante(n) Limousine \/ Touring \/ Compact<LI>Kein Umbau n\u00f6tig, einfacher Austausch gegen die Originalmotorhaube<LI>Halterungen sind bereits integriert und die Gewinde schon vorgebohrt<LI>Motorhaube ist Doppelwandig<LI>Inkl. Montagezubeh\u00f6r, sofern notwendig<LI>Motorhaube ist aus hochwertigem Material GFK gefertigt<LI>Gleichm\u00e4\u00dfige Oberfl\u00e4chenstruktur erm\u00f6glicht eine Lackierung ohne gro\u00dfe Vorarbeiten (Produkt ist unlackiert)<LI>Ohne Gutachten, daher <b>Einzelabnahme nach \u00a721 StVZO<\/b> erforderlich. Auf Wunsch liefern wir diesen Artikel mit einem Materialgutachten.<\/UL><\/p>\n","protected":false},"excerpt":{"rendered":"<p>Motorhaube aus GFK<\/p>\n","protected":false},"featured_media":143669,"comment_status":"closed","ping_status":"open","template":"","meta":[],"product_cat":[],"product_tag":[12841],"class_list":{"0":"post-143668","1":"product","2":"type-product","3":"status-publish","4":"has-post-thumbnail","6":"product_tag-csr","7":"product_shipping_class-csr","9":"first","10":"instock","11":"taxable","12":"shipping-taxable","13":"purchasable","14":"product-type-simple"},"_links":{"self":[{"href":"https:\/\/mlin.es\/tienda\/wp-json\/wp\/v2\/product\/143668","targetHints":{"allow":["GET"]}}],"collection":[{"href":"https:\/\/mlin.es\/tienda\/wp-json\/wp\/v2\/product"}],"about":[{"href":"https:\/\/mlin.es\/tienda\/wp-json\/wp\/v2\/types\/product"}],"replies":[{"embeddable":true,"href":"https:\/\/mlin.es\/tienda\/wp-json\/wp\/v2\/comments?post=143668"}],"wp:featuredmedia":[{"embeddable":true,"href":"https:\/\/mlin.es\/tienda\/wp-json\/wp\/v2\/media\/143669"}],"wp:attachment":[{"href":"https:\/\/mlin.es\/tienda\/wp-json\/wp\/v2\/media?parent=143668"}],"wp:term":[{"taxonomy":"product_cat","embeddable":true,"href":"https:\/\/mlin.es\/tienda\/wp-json\/wp\/v2\/product_cat?post=143668"},{"taxonomy":"product_tag","embeddable":true,"href":"https:\/\/mlin.es\/tienda\/wp-json\/wp\/v2\/product_tag?post=143668"}],"curies":[{"name":"wp","href":"https:\/\/api.w.org\/{rel}","templated":true}]}}