{"id":143634,"date":"2025-06-20T17:06:11","date_gmt":"2025-06-20T15:06:11","guid":{"rendered":"https:\/\/mlin.es\/tienda\/producto\/faldon-trasero-para-vw-polo-4-9n2-hl109\/"},"modified":"2025-09-11T10:40:18","modified_gmt":"2025-09-11T08:40:18","slug":"faldon-trasero-para-vw-polo-4-9n2-hl109","status":"publish","type":"product","link":"https:\/\/mlin.es\/tienda\/producto\/faldon-trasero-para-vw-polo-4-9n2-hl109\/","title":{"rendered":"Fald\u00f3n trasero para VW Polo 4 9N2 HL109"},"content":{"rendered":"<p>Aler\u00f3n trasero CSR-Automotive para VW Polo 4 9N2<\/b><UL> <LI>Aler\u00f3n trasero compatible con VW Polo 4 9N2, a\u00f1os 2003-2005<LI>para modelos\/veh\u00edculos sed\u00e1n<LI>La instalaci\u00f3n es muy sencilla gracias a la tira adhesiva integrada y el aler\u00f3n se fija en segundos<LI>El aler\u00f3n trasero est\u00e1 fabricado en pl\u00e1stico flexible de alta calidad<LI>Su superficie uniforme permite pintarlo sin mucha preparaci\u00f3n (el producto no est\u00e1 pintado)<LI>El material es flexible<LI>Sin necesidad de un dictamen pericial, se requiere la aprobaci\u00f3n individual seg\u00fan el \u00a721 del StVZO. Si lo solicita, podemos suministrar este art\u00edculo con un certificado de material.<LI>Im\u00e1genes comparativas: Las im\u00e1genes muestran el art\u00edculo parcialmente montado en un BMW E36 Cabriolet<\/UL><\/LI><\/p>\n","protected":false},"excerpt":{"rendered":"<p>Labio de spoiler\/labio<\/p>\n","protected":false},"featured_media":143635,"comment_status":"closed","ping_status":"open","template":"","meta":[],"product_cat":[],"product_tag":[12841],"class_list":{"0":"post-143634","1":"product","2":"type-product","3":"status-publish","4":"has-post-thumbnail","6":"product_tag-csr","7":"product_shipping_class-csr","9":"first","10":"instock","11":"taxable","12":"shipping-taxable","13":"purchasable","14":"product-type-simple"},"_links":{"self":[{"href":"https:\/\/mlin.es\/tienda\/wp-json\/wp\/v2\/product\/143634","targetHints":{"allow":["GET"]}}],"collection":[{"href":"https:\/\/mlin.es\/tienda\/wp-json\/wp\/v2\/product"}],"about":[{"href":"https:\/\/mlin.es\/tienda\/wp-json\/wp\/v2\/types\/product"}],"replies":[{"embeddable":true,"href":"https:\/\/mlin.es\/tienda\/wp-json\/wp\/v2\/comments?post=143634"}],"wp:featuredmedia":[{"embeddable":true,"href":"https:\/\/mlin.es\/tienda\/wp-json\/wp\/v2\/media\/143635"}],"wp:attachment":[{"href":"https:\/\/mlin.es\/tienda\/wp-json\/wp\/v2\/media?parent=143634"}],"wp:term":[{"taxonomy":"product_cat","embeddable":true,"href":"https:\/\/mlin.es\/tienda\/wp-json\/wp\/v2\/product_cat?post=143634"},{"taxonomy":"product_tag","embeddable":true,"href":"https:\/\/mlin.es\/tienda\/wp-json\/wp\/v2\/product_tag?post=143634"}],"curies":[{"name":"wp","href":"https:\/\/api.w.org\/{rel}","templated":true}]}}