{"id":143623,"date":"2026-03-03T17:37:22","date_gmt":"2026-03-03T16:37:22","guid":{"rendered":"https:\/\/mlin.es\/tienda\/producto\/parachoques-delantero-para-audi-s3-8l-fsk213\/"},"modified":"2026-03-03T17:37:23","modified_gmt":"2026-03-03T16:37:23","slug":"csr-fsk213","status":"publish","type":"product","link":"https:\/\/mlin.es\/tienda\/producto\/csr-fsk213\/","title":{"rendered":"CSR-FSK213"},"content":{"rendered":"<p><b>CSR-Automotive Frontsto\u00dfstange \/ Frontspoiler f\u00fcr Audi S3 8L<\/b><UL><LI>Frontsto\u00dfstange passend f\u00fcr Audi S3 8L Baujahr 1999-2002<LI>f\u00fcr Modell-\/Karosserievariante(n) Schr\u00e4gheck<LI>Mit fahrzeugspezifischem Teilegutachten f\u00fcr eine Anbauabnahme nach \u00a719.3 StVZO<LI>Inkl. Streckgitter<\/LI><LI>Inkl. Montagezubeh\u00f6r, sofern notwendig<LI>Inklusive Montageanleitung<LI>Frontsto\u00dfstange ist aus hochwertigem Material GFK gefertigt<LI>Gleichm\u00e4\u00dfige Oberfl\u00e4chenstruktur erm\u00f6glicht eine Lackierung ohne gro\u00dfe Vorarbeiten (Produkt ist unlackiert)<LI>Material ist flexibel<LI>Grill ist im Lieferumfang nicht enthalten. Es wird ein Audi A3 8P S3 Single Frame Grill ben\u00f6tigt.<LI>Nebellampen und -halter, sowie die Gitter sind im Lieferumfang nicht enthalten.<\/LI><\/UL><\/p>\n","protected":false},"excerpt":{"rendered":"<p>Frontsch\u00fcrze \/ Spoiler mit fahrzeugspezifischem Teilegutachten<\/p>\n","protected":false},"featured_media":143624,"comment_status":"closed","ping_status":"open","template":"","meta":[],"product_cat":[],"product_tag":[12841],"class_list":{"0":"post-143623","1":"product","2":"type-product","3":"status-publish","4":"has-post-thumbnail","6":"product_tag-csr","7":"product_shipping_class-csr","9":"first","10":"instock","11":"taxable","12":"shipping-taxable","13":"purchasable","14":"product-type-simple"},"_links":{"self":[{"href":"https:\/\/mlin.es\/tienda\/wp-json\/wp\/v2\/product\/143623","targetHints":{"allow":["GET"]}}],"collection":[{"href":"https:\/\/mlin.es\/tienda\/wp-json\/wp\/v2\/product"}],"about":[{"href":"https:\/\/mlin.es\/tienda\/wp-json\/wp\/v2\/types\/product"}],"replies":[{"embeddable":true,"href":"https:\/\/mlin.es\/tienda\/wp-json\/wp\/v2\/comments?post=143623"}],"wp:featuredmedia":[{"embeddable":true,"href":"https:\/\/mlin.es\/tienda\/wp-json\/wp\/v2\/media\/143624"}],"wp:attachment":[{"href":"https:\/\/mlin.es\/tienda\/wp-json\/wp\/v2\/media?parent=143623"}],"wp:term":[{"taxonomy":"product_cat","embeddable":true,"href":"https:\/\/mlin.es\/tienda\/wp-json\/wp\/v2\/product_cat?post=143623"},{"taxonomy":"product_tag","embeddable":true,"href":"https:\/\/mlin.es\/tienda\/wp-json\/wp\/v2\/product_tag?post=143623"}],"curies":[{"name":"wp","href":"https:\/\/api.w.org\/{rel}","templated":true}]}}