{"id":143571,"date":"2026-03-03T17:35:23","date_gmt":"2026-03-03T16:35:23","guid":{"rendered":"https:\/\/mlin.es\/tienda\/producto\/aproximacion-frontal-para-audi-a3-8l-fa060\/"},"modified":"2026-03-03T17:35:24","modified_gmt":"2026-03-03T16:35:24","slug":"csr-fa060","status":"publish","type":"product","link":"https:\/\/mlin.es\/tienda\/producto\/csr-fa060\/","title":{"rendered":"CSR-FA060"},"content":{"rendered":"<p><b>CSR-Automotive Frontansatz \/ Frontspoilerlippe f\u00fcr Audi A3 8L<\/b><UL><LI>Frontspoilerlippe im SF-Line Design passend f\u00fcr Audi A3 8L Baujahr 1996-2003<LI>nicht passend f\u00fcr S3<LI>f\u00fcr alle Varianten<LI>Mit fahrzeugspezifischem Teilegutachten f\u00fcr eine Anbauabnahme nach \u00a719.3 StVZO<LI>Inkl. Montagezubeh\u00f6r, sofern notwendig<LI>Inklusive Montageanleitung<LI>Frontspoilerlippe ist aus hochwertigem Material GFK gefertigt<LI>Gleichm\u00e4\u00dfige Oberfl\u00e4chenstruktur erm\u00f6glicht eine Lackierung ohne gro\u00dfe Vorarbeiten (Produkt ist unlackiert)<LI>Material ist flexibel<\/UL><\/p>\n","protected":false},"excerpt":{"rendered":"<p>Spoilerlippe \/ Front mit fahrzeugspezifischem Teilegutachten<\/p>\n","protected":false},"featured_media":143572,"comment_status":"closed","ping_status":"open","template":"","meta":[],"product_cat":[],"product_tag":[12841],"class_list":{"0":"post-143571","1":"product","2":"type-product","3":"status-publish","4":"has-post-thumbnail","6":"product_tag-csr","7":"product_shipping_class-csr","9":"first","10":"instock","11":"taxable","12":"shipping-taxable","13":"purchasable","14":"product-type-simple"},"_links":{"self":[{"href":"https:\/\/mlin.es\/tienda\/wp-json\/wp\/v2\/product\/143571","targetHints":{"allow":["GET"]}}],"collection":[{"href":"https:\/\/mlin.es\/tienda\/wp-json\/wp\/v2\/product"}],"about":[{"href":"https:\/\/mlin.es\/tienda\/wp-json\/wp\/v2\/types\/product"}],"replies":[{"embeddable":true,"href":"https:\/\/mlin.es\/tienda\/wp-json\/wp\/v2\/comments?post=143571"}],"wp:featuredmedia":[{"embeddable":true,"href":"https:\/\/mlin.es\/tienda\/wp-json\/wp\/v2\/media\/143572"}],"wp:attachment":[{"href":"https:\/\/mlin.es\/tienda\/wp-json\/wp\/v2\/media?parent=143571"}],"wp:term":[{"taxonomy":"product_cat","embeddable":true,"href":"https:\/\/mlin.es\/tienda\/wp-json\/wp\/v2\/product_cat?post=143571"},{"taxonomy":"product_tag","embeddable":true,"href":"https:\/\/mlin.es\/tienda\/wp-json\/wp\/v2\/product_tag?post=143571"}],"curies":[{"name":"wp","href":"https:\/\/api.w.org\/{rel}","templated":true}]}}