{"id":143429,"date":"2026-03-03T17:29:54","date_gmt":"2026-03-03T16:29:54","guid":{"rendered":"https:\/\/mlin.es\/tienda\/producto\/aproximacion-frontal-para-bmw-e36-7-e36-8-z3-fa010\/"},"modified":"2026-03-03T17:29:54","modified_gmt":"2026-03-03T16:29:54","slug":"csr-fa010","status":"publish","type":"product","link":"https:\/\/mlin.es\/tienda\/producto\/csr-fa010\/","title":{"rendered":"CSR-FA010"},"content":{"rendered":"<p><b>CSR-Automotive Frontansatz \/ Frontspoilerlippe f\u00fcr BMW E36\/7, E36\/8 Z3<\/b><UL><LI>Frontspoilerlippe passend f\u00fcr BMW E36\/7 und E36\/8 Z3 Baujahr 1999-2002<\/LI><LI>passend f\u00fcr alle Modell-\/Karosserievarianten (passt nicht an M-Modell)<\/LI><LI>Mit fahrzeugspezifischem Teilegutachten f\u00fcr eine Anbauabnahme nach \u00a719.3 StVZO<\/LI><LI>Inkl. Montagezubeh\u00f6r, sofern notwendig<LI>Inklusive Montageanleitung<\/LI><LI>Frontspoilerlippe ist aus hochwertigem Material GFK gefertigt<\/LI><LI>Gleichm\u00e4\u00dfige Oberfl\u00e4chenstruktur erm\u00f6glicht eine Lackierung ohne gro\u00dfe Vorarbeiten (Produkt ist unlackiert)<\/LI><LI>Material ist flexibel<\/LI><\/UL><\/p>\n","protected":false},"excerpt":{"rendered":"<p>Spoilerlippe \/ Front mit fahrzeugspezifischem Teilegutachten<\/p>\n","protected":false},"featured_media":143430,"comment_status":"closed","ping_status":"open","template":"","meta":[],"product_cat":[],"product_tag":[12841],"class_list":{"0":"post-143429","1":"product","2":"type-product","3":"status-publish","4":"has-post-thumbnail","6":"product_tag-csr","7":"product_shipping_class-csr","9":"first","10":"instock","11":"taxable","12":"shipping-taxable","13":"purchasable","14":"product-type-simple"},"_links":{"self":[{"href":"https:\/\/mlin.es\/tienda\/wp-json\/wp\/v2\/product\/143429","targetHints":{"allow":["GET"]}}],"collection":[{"href":"https:\/\/mlin.es\/tienda\/wp-json\/wp\/v2\/product"}],"about":[{"href":"https:\/\/mlin.es\/tienda\/wp-json\/wp\/v2\/types\/product"}],"replies":[{"embeddable":true,"href":"https:\/\/mlin.es\/tienda\/wp-json\/wp\/v2\/comments?post=143429"}],"wp:featuredmedia":[{"embeddable":true,"href":"https:\/\/mlin.es\/tienda\/wp-json\/wp\/v2\/media\/143430"}],"wp:attachment":[{"href":"https:\/\/mlin.es\/tienda\/wp-json\/wp\/v2\/media?parent=143429"}],"wp:term":[{"taxonomy":"product_cat","embeddable":true,"href":"https:\/\/mlin.es\/tienda\/wp-json\/wp\/v2\/product_cat?post=143429"},{"taxonomy":"product_tag","embeddable":true,"href":"https:\/\/mlin.es\/tienda\/wp-json\/wp\/v2\/product_tag?post=143429"}],"curies":[{"name":"wp","href":"https:\/\/api.w.org\/{rel}","templated":true}]}}