{"id":143323,"date":"2025-06-20T17:01:04","date_gmt":"2025-06-20T15:01:04","guid":{"rendered":"https:\/\/mlin.es\/tienda\/producto\/extension-de-capo-para-seat-ibiza-6k-cordoba-mhv040\/"},"modified":"2025-09-11T10:36:31","modified_gmt":"2025-09-11T08:36:31","slug":"extension-de-capo-para-seat-ibiza-6k-cordoba-mhv040","status":"publish","type":"product","link":"https:\/\/mlin.es\/tienda\/producto\/extension-de-capo-para-seat-ibiza-6k-cordoba-mhv040\/","title":{"rendered":"Extensi\u00f3n de cap\u00f3 para Seat Ibiza 6K \/ C\u00f3rdoba MHV040"},"content":{"rendered":"<p>Extensi\u00f3n de cap\u00f3 CSR-Automotive \/ Evil Eye para Seat Ibiza 6K \/ Corcoba KC. Extensi\u00f3n de cap\u00f3 compatible con Seat Ibiza 6K, fabricado entre 1993 y 1999, hatchback. Seat Cordoba KC, fabricado entre 1993 y 1999, hatchback. 3 piezas. Con certificado de piezas espec\u00edfico para el veh\u00edculo para la homologaci\u00f3n de la instalaci\u00f3n seg\u00fan el \u00a719.3 del StVZO. Instrucciones de instalaci\u00f3n incluidas. La extensi\u00f3n del cap\u00f3 est\u00e1 fabricada en metal de alta calidad. Para soldar.<\/p>\n","protected":false},"excerpt":{"rendered":"<p>Extensi\u00f3n de metal con certificado de piezas espec\u00edfico del veh\u00edculo<\/p>\n","protected":false},"featured_media":143324,"comment_status":"closed","ping_status":"open","template":"","meta":[],"product_cat":[],"product_tag":[12841],"class_list":{"0":"post-143323","1":"product","2":"type-product","3":"status-publish","4":"has-post-thumbnail","6":"product_tag-csr","7":"product_shipping_class-csr","9":"first","10":"instock","11":"taxable","12":"shipping-taxable","13":"purchasable","14":"product-type-simple"},"_links":{"self":[{"href":"https:\/\/mlin.es\/tienda\/wp-json\/wp\/v2\/product\/143323","targetHints":{"allow":["GET"]}}],"collection":[{"href":"https:\/\/mlin.es\/tienda\/wp-json\/wp\/v2\/product"}],"about":[{"href":"https:\/\/mlin.es\/tienda\/wp-json\/wp\/v2\/types\/product"}],"replies":[{"embeddable":true,"href":"https:\/\/mlin.es\/tienda\/wp-json\/wp\/v2\/comments?post=143323"}],"wp:featuredmedia":[{"embeddable":true,"href":"https:\/\/mlin.es\/tienda\/wp-json\/wp\/v2\/media\/143324"}],"wp:attachment":[{"href":"https:\/\/mlin.es\/tienda\/wp-json\/wp\/v2\/media?parent=143323"}],"wp:term":[{"taxonomy":"product_cat","embeddable":true,"href":"https:\/\/mlin.es\/tienda\/wp-json\/wp\/v2\/product_cat?post=143323"},{"taxonomy":"product_tag","embeddable":true,"href":"https:\/\/mlin.es\/tienda\/wp-json\/wp\/v2\/product_tag?post=143323"}],"curies":[{"name":"wp","href":"https:\/\/api.w.org\/{rel}","templated":true}]}}