{"id":143233,"date":"2026-03-03T17:25:47","date_gmt":"2026-03-03T16:25:47","guid":{"rendered":"https:\/\/mlin.es\/tienda\/producto\/aproximacion-frontal-para-bmw-serie-3-e36-fa002\/"},"modified":"2026-03-03T17:25:48","modified_gmt":"2026-03-03T16:25:48","slug":"csr-fa002","status":"publish","type":"product","link":"https:\/\/mlin.es\/tienda\/producto\/csr-fa002\/","title":{"rendered":"CSR-FA002"},"content":{"rendered":"<p><b>CSR-Automotive Frontansatz \/ Frontspoilerlippe f\u00fcr BMW E36 3er<\/b><UL><LI>Frontspoilerlippe passend f\u00fcr BMW E36 3er Baujahr 1990-2000<LI>f\u00fcr Modell-\/Karosserievariante(n) Limousine \/ Compact \/ Cabrio \/ Coupe (au\u00dfer M3 und M-Paket)<LI>Mit fahrzeugspezifischem Teilegutachten f\u00fcr eine Anbauabnahme nach \u00a719.3 StVZO<LI>Inkl. Montagezubeh\u00f6r, sofern notwendig<LI>Inklusive Montageanleitung<LI>Frontspoilerlippe ist aus hochwertigem Material GFK gefertigt<LI>Gleichm\u00e4\u00dfige Oberfl\u00e4chenstruktur erm\u00f6glicht eine Lackierung ohne gro\u00dfe Vorarbeiten (Produkt ist unlackiert)<LI>Material ist flexibel<\/UL><\/p>\n","protected":false},"excerpt":{"rendered":"<p>Spoilerlippe \/ Front mit fahrzeugspezifischem Teilegutachten<\/p>\n","protected":false},"featured_media":143234,"comment_status":"closed","ping_status":"open","template":"","meta":[],"product_cat":[],"product_tag":[12841],"class_list":{"0":"post-143233","1":"product","2":"type-product","3":"status-publish","4":"has-post-thumbnail","6":"product_tag-csr","7":"product_shipping_class-csr","9":"first","10":"instock","11":"taxable","12":"shipping-taxable","13":"purchasable","14":"product-type-simple"},"_links":{"self":[{"href":"https:\/\/mlin.es\/tienda\/wp-json\/wp\/v2\/product\/143233","targetHints":{"allow":["GET"]}}],"collection":[{"href":"https:\/\/mlin.es\/tienda\/wp-json\/wp\/v2\/product"}],"about":[{"href":"https:\/\/mlin.es\/tienda\/wp-json\/wp\/v2\/types\/product"}],"replies":[{"embeddable":true,"href":"https:\/\/mlin.es\/tienda\/wp-json\/wp\/v2\/comments?post=143233"}],"wp:featuredmedia":[{"embeddable":true,"href":"https:\/\/mlin.es\/tienda\/wp-json\/wp\/v2\/media\/143234"}],"wp:attachment":[{"href":"https:\/\/mlin.es\/tienda\/wp-json\/wp\/v2\/media?parent=143233"}],"wp:term":[{"taxonomy":"product_cat","embeddable":true,"href":"https:\/\/mlin.es\/tienda\/wp-json\/wp\/v2\/product_cat?post=143233"},{"taxonomy":"product_tag","embeddable":true,"href":"https:\/\/mlin.es\/tienda\/wp-json\/wp\/v2\/product_tag?post=143233"}],"curies":[{"name":"wp","href":"https:\/\/api.w.org\/{rel}","templated":true}]}}