{"id":143186,"date":"2025-06-20T16:57:51","date_gmt":"2025-06-20T14:57:51","guid":{"rendered":"https:\/\/mlin.es\/tienda\/producto\/faldon-trasero-para-bmw-serie-3-e92-e93-hl016\/"},"modified":"2025-09-11T10:33:41","modified_gmt":"2025-09-11T08:33:41","slug":"faldon-trasero-para-bmw-serie-3-e92-e93-hl016","status":"publish","type":"product","link":"https:\/\/mlin.es\/tienda\/producto\/faldon-trasero-para-bmw-serie-3-e92-e93-hl016\/","title":{"rendered":"Fald\u00f3n trasero para BMW Serie 3 E92 \/ E93 HL016"},"content":{"rendered":"<p><b>Aler\u00f3n trasero CSR-Automotive para BMW Serie 3 E92 \/ E93<\/b><UL><LI>Aler\u00f3n trasero apto para<\/LI><UL><LI>BMW Serie 3 E92 fabricado a partir de 2005<br \/>para el\/los modelo\/variante(s) de carrocer\u00eda Coup\u00e9<\/LI><\/UL><UL><LI>BMW Serie 3 E93 fabricado entre 2007 y 2013<br \/>para el\/los modelo\/variante(s) de carrocer\u00eda Cabrio<\/LI><\/UL><LI>Con certificado de piezas espec\u00edfico del veh\u00edculo para la aprobaci\u00f3n de la instalaci\u00f3n seg\u00fan \u00a7 19.3 StVZO<\/LI><LI>La instalaci\u00f3n es muy sencilla gracias a la tira adhesiva integrada y el aler\u00f3n se fija en segundos.<\/LI><LI>El m\u00e9todo de fijaci\u00f3n, as\u00ed como las propiedades aerodin\u00e1micas y el comportamiento del material, est\u00e1n probados y aprobados<\/LI><LI>Incluye instrucciones de instalaci\u00f3n<\/LI><LI>El aler\u00f3n trasero est\u00e1 hecho de pl\u00e1stico flexible de alta calidad<\/LI><LI>El material es flexible<\/LI><LI>Im\u00e1genes comparativas: las im\u00e1genes muestran el art\u00edculo sobre un BMW E36 Cabriolet<\/LI><\/UL><\/p>\n","protected":false},"excerpt":{"rendered":"<p>Borde del aler\u00f3n\/borde con certificado de piezas espec\u00edfico del veh\u00edculo<\/p>\n","protected":false},"featured_media":142780,"comment_status":"closed","ping_status":"open","template":"","meta":[],"product_cat":[],"product_tag":[12841],"class_list":{"0":"post-143186","1":"product","2":"type-product","3":"status-publish","4":"has-post-thumbnail","6":"product_tag-csr","7":"product_shipping_class-csr","9":"first","10":"instock","11":"taxable","12":"shipping-taxable","13":"purchasable","14":"product-type-simple"},"_links":{"self":[{"href":"https:\/\/mlin.es\/tienda\/wp-json\/wp\/v2\/product\/143186","targetHints":{"allow":["GET"]}}],"collection":[{"href":"https:\/\/mlin.es\/tienda\/wp-json\/wp\/v2\/product"}],"about":[{"href":"https:\/\/mlin.es\/tienda\/wp-json\/wp\/v2\/types\/product"}],"replies":[{"embeddable":true,"href":"https:\/\/mlin.es\/tienda\/wp-json\/wp\/v2\/comments?post=143186"}],"wp:featuredmedia":[{"embeddable":true,"href":"https:\/\/mlin.es\/tienda\/wp-json\/wp\/v2\/media\/142780"}],"wp:attachment":[{"href":"https:\/\/mlin.es\/tienda\/wp-json\/wp\/v2\/media?parent=143186"}],"wp:term":[{"taxonomy":"product_cat","embeddable":true,"href":"https:\/\/mlin.es\/tienda\/wp-json\/wp\/v2\/product_cat?post=143186"},{"taxonomy":"product_tag","embeddable":true,"href":"https:\/\/mlin.es\/tienda\/wp-json\/wp\/v2\/product_tag?post=143186"}],"curies":[{"name":"wp","href":"https:\/\/api.w.org\/{rel}","templated":true}]}}