{"id":143125,"date":"2026-03-03T17:21:12","date_gmt":"2026-03-03T16:21:12","guid":{"rendered":"https:\/\/mlin.es\/tienda\/producto\/parachoques-trasero-para-seat-ibiza-6k-hsk009\/"},"modified":"2026-03-03T17:21:12","modified_gmt":"2026-03-03T16:21:12","slug":"csr-hsk009","status":"publish","type":"product","link":"https:\/\/mlin.es\/tienda\/producto\/csr-hsk009\/","title":{"rendered":"CSR-HSK009"},"content":{"rendered":"<p><b>CSR-Automotive Hecksto\u00dfstange \/ Heckspoiler f\u00fcr Seat Ibiza 6K<\/b><UL><LI>Hecksto\u00dfstange passend f\u00fcr Seat Ibiza 6K Baujahr 1993-1999<LI>f\u00fcr Modell-\/Karosserievariante(n) Schr\u00e4gheck<LI>Mit gutachterlicher Stellungnahme und somit eintragungsfrei<LI>Inkl. Streckgitter<\/LI><LI>Inkl. Montagezubeh\u00f6r, sofern notwendig<LI>Inklusive Montageanleitung<LI>Hecksto\u00dfstange ist aus hochwertigem Material GFK gefertigt<LI>Gleichm\u00e4\u00dfige Oberfl\u00e4chenstruktur erm\u00f6glicht eine Lackierung ohne gro\u00dfe Vorarbeiten (Produkt ist unlackiert)<LI>Material ist flexibel<LI>Diese Hecksto\u00dfstange ist auch inklusive Kennzeichenmulde erh\u00e4ltlich (Art.Nr.: HSK019)<\/LI><\/UL><\/p>\n","protected":false},"excerpt":{"rendered":"<p>Sto\u00dfstange \/ Spoiler mit gutachterlicher Stellungnahme &#8211; eintragungsfrei<\/p>\n","protected":false},"featured_media":143126,"comment_status":"closed","ping_status":"open","template":"","meta":[],"product_cat":[],"product_tag":[12841],"class_list":{"0":"post-143125","1":"product","2":"type-product","3":"status-publish","4":"has-post-thumbnail","6":"product_tag-csr","7":"product_shipping_class-csr","9":"first","10":"instock","11":"taxable","12":"shipping-taxable","13":"purchasable","14":"product-type-simple"},"_links":{"self":[{"href":"https:\/\/mlin.es\/tienda\/wp-json\/wp\/v2\/product\/143125","targetHints":{"allow":["GET"]}}],"collection":[{"href":"https:\/\/mlin.es\/tienda\/wp-json\/wp\/v2\/product"}],"about":[{"href":"https:\/\/mlin.es\/tienda\/wp-json\/wp\/v2\/types\/product"}],"replies":[{"embeddable":true,"href":"https:\/\/mlin.es\/tienda\/wp-json\/wp\/v2\/comments?post=143125"}],"wp:featuredmedia":[{"embeddable":true,"href":"https:\/\/mlin.es\/tienda\/wp-json\/wp\/v2\/media\/143126"}],"wp:attachment":[{"href":"https:\/\/mlin.es\/tienda\/wp-json\/wp\/v2\/media?parent=143125"}],"wp:term":[{"taxonomy":"product_cat","embeddable":true,"href":"https:\/\/mlin.es\/tienda\/wp-json\/wp\/v2\/product_cat?post=143125"},{"taxonomy":"product_tag","embeddable":true,"href":"https:\/\/mlin.es\/tienda\/wp-json\/wp\/v2\/product_tag?post=143125"}],"curies":[{"name":"wp","href":"https:\/\/api.w.org\/{rel}","templated":true}]}}