{"id":143086,"date":"2026-03-03T17:19:17","date_gmt":"2026-03-03T16:19:17","guid":{"rendered":"https:\/\/mlin.es\/tienda\/producto\/aleron-trasero-para-hf101-universal\/"},"modified":"2026-03-03T17:19:17","modified_gmt":"2026-03-03T16:19:17","slug":"csr-hf101","status":"publish","type":"product","link":"https:\/\/mlin.es\/tienda\/producto\/csr-hf101\/","title":{"rendered":"CSR-HF101"},"content":{"rendered":"<p><b>CSR-Automotive Heckspoiler | Heckfl\u00fcgel f\u00fcr universal<\/b><UL><LI>Universal passend f\u00fcr alle Fahrzeuge und Varianten<LI>Fahrzeugspezifisches Teilegutachten f\u00fcr eine Anbauabnahme nach \u00a7 19.3 StVZO bereits f\u00fcr viele Fahrzeugtypen vorhanden, eine genaue Aufstellung finden Sie untenstehend. Ihr Fahrzeug ist nicht dabei? Bitte fragen sie unter Nennung Ihres Fahrzeugtyps an!<LI>H\u00f6he 212mm, Breite 1225mm, L\u00e4nge 300mm, Bohrabstand 70-71mm<LI>Inkl. Montagezubeh\u00f6r, sofern notwendig<LI>Inklusive Montageanleitung<LI>Heckspoiler ist aus hochwertigem Material PU-Rim gefertigt<LI>Gleichm\u00e4\u00dfige Oberfl\u00e4chenstruktur erm\u00f6glicht eine Lackierung ohne gro\u00dfe Vorarbeiten (Produkt ist unlackiert)<\/UL><\/p>\n<p>Derzeit ist ein Teilegutachten f\u00fcr eine Anbauabnahme nach \u00a7 19.3 StVZO f\u00fcr folgende Fahrzeugtypen verf\u00fcgbar:<br \/>  Audi 80 \/ 90<br \/>  Audi A4 (B5)<br \/>  Audi A4 (8E, QB6)<br \/>  Audi A6 (C4, Q1)<br \/>  Audi A6 (4B)<br \/>  BMW E30<br \/>  BMW E34<br \/>  BMW E36 zweit\u00fcrig<br \/>  BMW E36 viert\u00fcrig<br \/>  BMW E39<br \/>  BMW E46 zweit\u00fcrig<br \/>  BMW E46 viert\u00fcrig<br \/>  BMW E90<br \/>  MB W123<br \/>  MB W124<br \/>  MB W201<br \/>  MB W202<br \/>  MB W203<br \/>  MB W208<br \/>  MB W210<br \/>  Fiat Barchetta<br \/>  Ford Focus II<br \/>  Ford Mondeo I<br \/>  Ford Mondeo II<br \/>  Ford Mondeo III<br \/>  Opel Calibra<br \/>  Opel Kadett<br \/>  Opel Astra F<br \/>  Opel Astra G<br \/>  Opel Vectra A<br \/>  Opel Vectra B<br \/>  Opel Vectra C<br \/>  Opel Omega B<br \/>  VW Passat (3B)<br \/>  VW Passat (3BG)<br \/>  VW Bora<br \/>  VW Vento<\/p>\n","protected":false},"excerpt":{"rendered":"<p>Heck Fl\u00fcgel mit fahrzeugspezifischem Teilegutachten f\u00fcr viele Typen<\/p>\n","protected":false},"featured_media":143087,"comment_status":"closed","ping_status":"open","template":"","meta":[],"product_cat":[],"product_tag":[12841],"class_list":{"0":"post-143086","1":"product","2":"type-product","3":"status-publish","4":"has-post-thumbnail","6":"product_tag-csr","7":"product_shipping_class-csr","9":"first","10":"instock","11":"taxable","12":"shipping-taxable","13":"purchasable","14":"product-type-simple"},"_links":{"self":[{"href":"https:\/\/mlin.es\/tienda\/wp-json\/wp\/v2\/product\/143086","targetHints":{"allow":["GET"]}}],"collection":[{"href":"https:\/\/mlin.es\/tienda\/wp-json\/wp\/v2\/product"}],"about":[{"href":"https:\/\/mlin.es\/tienda\/wp-json\/wp\/v2\/types\/product"}],"replies":[{"embeddable":true,"href":"https:\/\/mlin.es\/tienda\/wp-json\/wp\/v2\/comments?post=143086"}],"wp:featuredmedia":[{"embeddable":true,"href":"https:\/\/mlin.es\/tienda\/wp-json\/wp\/v2\/media\/143087"}],"wp:attachment":[{"href":"https:\/\/mlin.es\/tienda\/wp-json\/wp\/v2\/media?parent=143086"}],"wp:term":[{"taxonomy":"product_cat","embeddable":true,"href":"https:\/\/mlin.es\/tienda\/wp-json\/wp\/v2\/product_cat?post=143086"},{"taxonomy":"product_tag","embeddable":true,"href":"https:\/\/mlin.es\/tienda\/wp-json\/wp\/v2\/product_tag?post=143086"}],"curies":[{"name":"wp","href":"https:\/\/api.w.org\/{rel}","templated":true}]}}