{"id":143005,"date":"2026-03-03T17:15:20","date_gmt":"2026-03-03T16:15:20","guid":{"rendered":"https:\/\/mlin.es\/tienda\/producto\/inserto-de-rejilla-paragolpes-trasero-original-bmw-zb040\/"},"modified":"2026-03-03T17:15:21","modified_gmt":"2026-03-03T16:15:21","slug":"csr-zb040","status":"publish","type":"product","link":"https:\/\/mlin.es\/tienda\/producto\/csr-zb040\/","title":{"rendered":"CSR-ZB040"},"content":{"rendered":"<p><b>Gittereinsatz Hecksto\u00dfstange original BMW<\/b><UL><LI>Gitter ist passend f\u00fcr alle CSR-Hecksto\u00dfstangen der BMW O-Line Serie<LI>1 x Original BMW Gittereinsatz <\/p>\n<table border=\"1\">\n<tr>\n<td><font size =1>Wabenstreckgitter &#8211; mittig<\/font><\/td>\n<td><font size =1>ABS-Kunststoff<\/font><\/td>\n<td><font size =1>Farbe &#8211; schwarz<\/font><\/td>\n<\/tr>\n<\/table>\n<p><LI>Gittereinsatz ist aus hochwertigem Material ABS gefertigt<LI>Gleichm\u00e4\u00dfige Oberfl\u00e4chenstruktur erm\u00f6glicht eine Lackierung ohne gro\u00dfe Vorarbeiten (Produkt ist unlackiert)<LI>Material ist flexibel<LI>Gittereinsatz passt f\u00fcr folgende CSR Single Frame Hecksto\u00dfstange  <\/p>\n<table border=\"1\">\n<tr>\n<td><font size =1>HSK080 &#8211; BMW E30 3er<\/font><\/td>\n<td><font size =1>HSK081 &#8211; BMW E36 3er<\/font><\/td>\n<\/tr>\n<tr>\n<td><font size =1>HSK184 &#8211; BMW E39 3er<\/font><\/td>\n<td><font size =1>HSK082 &#8211; BMW E46 3er<\/font><\/td>\n<\/tr>\n<tr>\n<td><font size =1>HSK083 &#8211; BMW E60 5er<\/font><\/td>\n<td><font size =1>HSK183 &#8211; BMW E61 5er<\/font><\/td>\n<\/tr>\n<tr>\n<td><font size =1>HSK085 &#8211; BMW E81 1er<\/font><\/td>\n<td><font size =1>HSK085 &#8211; BMW E87 1er<\/font><\/td>\n<\/table>\n<p><LI>OEM-Nr. der enthaltenen Originalteile: 51128040877<\/UL><\/p>\n","protected":false},"excerpt":{"rendered":"<p>Gittereinsatz Hecksto\u00dfstange original BMWGitter ist passend f\u00fcr alle CSR-Hecksto\u00dfstangen der BMW O-Line Serie1 x Original BMW Gittereinsatz Wabenstreckgitter &#8211; mittig ABS-Kunststoff Farbe &#8211; schwarz Gittereinsatz ist aus hochwertigem Material ABS gefertigtGleichm\u00e4\u00dfige Oberfl\u00e4chenstruktur erm\u00f6glicht eine Lackierung ohne gro\u00dfe Vorarbeiten (Produkt ist unlackiert)Material ist flexibelGittereinsatz passt f\u00fcr folgende CSR Single Frame Hecksto\u00dfstange HSK080 &#8211; BMW E30 3er [&hellip;]<\/p>\n","protected":false},"featured_media":143006,"comment_status":"closed","ping_status":"open","template":"","meta":[],"product_cat":[],"product_tag":[12841],"class_list":{"0":"post-143005","1":"product","2":"type-product","3":"status-publish","4":"has-post-thumbnail","6":"product_tag-csr","7":"product_shipping_class-csr","9":"first","10":"instock","11":"taxable","12":"shipping-taxable","13":"purchasable","14":"product-type-simple"},"_links":{"self":[{"href":"https:\/\/mlin.es\/tienda\/wp-json\/wp\/v2\/product\/143005","targetHints":{"allow":["GET"]}}],"collection":[{"href":"https:\/\/mlin.es\/tienda\/wp-json\/wp\/v2\/product"}],"about":[{"href":"https:\/\/mlin.es\/tienda\/wp-json\/wp\/v2\/types\/product"}],"replies":[{"embeddable":true,"href":"https:\/\/mlin.es\/tienda\/wp-json\/wp\/v2\/comments?post=143005"}],"wp:featuredmedia":[{"embeddable":true,"href":"https:\/\/mlin.es\/tienda\/wp-json\/wp\/v2\/media\/143006"}],"wp:attachment":[{"href":"https:\/\/mlin.es\/tienda\/wp-json\/wp\/v2\/media?parent=143005"}],"wp:term":[{"taxonomy":"product_cat","embeddable":true,"href":"https:\/\/mlin.es\/tienda\/wp-json\/wp\/v2\/product_cat?post=143005"},{"taxonomy":"product_tag","embeddable":true,"href":"https:\/\/mlin.es\/tienda\/wp-json\/wp\/v2\/product_tag?post=143005"}],"curies":[{"name":"wp","href":"https:\/\/api.w.org\/{rel}","templated":true}]}}