{"id":142994,"date":"2026-03-03T17:14:56","date_gmt":"2026-03-03T16:14:56","guid":{"rendered":"https:\/\/mlin.es\/tienda\/producto\/soporte-universal-para-faros-antiniebla-para-reequipamiento-zb031\/"},"modified":"2026-03-03T17:14:56","modified_gmt":"2026-03-03T16:14:56","slug":"csr-zb031","status":"publish","type":"product","link":"https:\/\/mlin.es\/tienda\/producto\/csr-zb031\/","title":{"rendered":"CSR-ZB031"},"content":{"rendered":"<p><b>CSR-Automotive Nebellampenhalter universal zum Nachr\u00fcsten<\/b><UL><LI>passend f\u00fcr alle Fahrzeuge und Varianten<LI>universal zum Nachr\u00fcsten<LI>1 x Nebellampenhalter Paar &#8211; links \/ rechts<LI>Nebellampenhalter passend f\u00fcr BMW E60 5er Nebellampen<LI>BMW E60 5er Nebellampen sind nicht im Liferumfang enthalten<LI>Nebellampenhalter ist aus dem innovativen und hochwertigen Material <b>Fiberflex<\/b> gefertigt. Die Vorteile dieses neuartigen Verbundwerkstoffes: Extrem hohe Flexibilit\u00e4t bei gleichzeitig gro\u00dfer Stabilit\u00e4t, Splitterfestigkeit, und Nichtentflammbarkeit. Eine sehr hohe Fertigungsqualit\u00e4t und das geringe Gewicht erlauben sogar einen Einsatz im Profirennsport. Die charakteristische schwarze Oberfl\u00e4che zeichnet sich durch gute Bearbeitungsm\u00f6glichkeiten aus und garantiert professionelle Ergebnisse. Produkte aus Fiberflex von CSR-Automotive eignen sich dank bester Schneid- und Klebeeigenschaften in hervorragender Weise f\u00fcr Reparatur- und weitere Umbauarbeiten.<LI>Gleichm\u00e4\u00dfige Oberfl\u00e4chenstruktur erm\u00f6glicht eine Lackierung ohne gro\u00dfe Vorarbeiten (Produkt ist unlackiert)<LI>Material ist flexibel<LI>Nebellampenhalter passt f\u00fcr folgende CSR Single Frame Frontsto\u00dfstangen  <\/p>\n<table border=\"1\">\n<tr>\n<td><font size =1>FSK080 &#8211; BMW E30 3er<\/font><\/td>\n<td><font size =1>FSK081 &#8211; BMW E36 3er<\/font><\/td>\n<td><font size =1>FSK184 &#8211; BMW E39 5er<\/font><\/td>\n<\/tr>\n<tr>\n<td><font size =1>FSK082 &#8211; BMW E46 3er<\/font><\/td>\n<td><font size =1>FSK083 &#8211; BMW E60 5er<\/font><\/td>\n<td><font size =1>FSK139 &#8211; BMW E46 3er<\/font><\/td>\n<\/tr>\n<tr>\n<td><font size =1>FSK083 &#8211; BMW E61 5er<\/font><\/td>\n<td><font size =1>FSK085 &#8211; BMW E81 1er<\/font><\/td>\n<td><font size =1><\/font><\/td>\n<\/tr>\n<tr>\n<td><font size =1>FSK085 &#8211; BMW E82 1er<\/font><\/td>\n<td><font size =1>FSK085 &#8211; BMW E87 1er<\/font><\/td>\n<td><font size =1><\/font><\/td>\n<\/tr>\n<tr>\n<td><font size =1>FSK085 &#8211; BMW E88 1er<\/font><\/td>\n<td><font size =1>FSK202 &#8211; BMW E36 3er<\/font><\/td>\n<td><font size =1><\/font><\/td>\n<\/tr>\n<\/table>\n<p><\/UL><\/p>\n","protected":false},"excerpt":{"rendered":"<p>Nebellampenhalter f\u00fcr original BMW E60 5er Nebellampen<\/p>\n","protected":false},"featured_media":142995,"comment_status":"closed","ping_status":"open","template":"","meta":[],"product_cat":[],"product_tag":[12841],"class_list":{"0":"post-142994","1":"product","2":"type-product","3":"status-publish","4":"has-post-thumbnail","6":"product_tag-csr","7":"product_shipping_class-csr","9":"first","10":"instock","11":"taxable","12":"shipping-taxable","13":"purchasable","14":"product-type-simple"},"_links":{"self":[{"href":"https:\/\/mlin.es\/tienda\/wp-json\/wp\/v2\/product\/142994","targetHints":{"allow":["GET"]}}],"collection":[{"href":"https:\/\/mlin.es\/tienda\/wp-json\/wp\/v2\/product"}],"about":[{"href":"https:\/\/mlin.es\/tienda\/wp-json\/wp\/v2\/types\/product"}],"replies":[{"embeddable":true,"href":"https:\/\/mlin.es\/tienda\/wp-json\/wp\/v2\/comments?post=142994"}],"wp:featuredmedia":[{"embeddable":true,"href":"https:\/\/mlin.es\/tienda\/wp-json\/wp\/v2\/media\/142995"}],"wp:attachment":[{"href":"https:\/\/mlin.es\/tienda\/wp-json\/wp\/v2\/media?parent=142994"}],"wp:term":[{"taxonomy":"product_cat","embeddable":true,"href":"https:\/\/mlin.es\/tienda\/wp-json\/wp\/v2\/product_cat?post=142994"},{"taxonomy":"product_tag","embeddable":true,"href":"https:\/\/mlin.es\/tienda\/wp-json\/wp\/v2\/product_tag?post=142994"}],"curies":[{"name":"wp","href":"https:\/\/api.w.org\/{rel}","templated":true}]}}