{"id":142968,"date":"2026-03-03T17:13:43","date_gmt":"2026-03-03T16:13:43","guid":{"rendered":"https:\/\/mlin.es\/tienda\/producto\/parachoques-delantero-para-audi-a3-8p-a3-8pa-sportback-fsk165\/"},"modified":"2026-03-03T17:13:43","modified_gmt":"2026-03-03T16:13:43","slug":"csr-fsk165","status":"publish","type":"product","link":"https:\/\/mlin.es\/tienda\/producto\/csr-fsk165\/","title":{"rendered":"CSR-FSK165"},"content":{"rendered":"<p><b>CSR-Automotive Frontsto\u00dfstange \/ Frontspoiler f\u00fcr Audi A3 8P \/ A3 8PA Sportback<\/b><UL><LI>Frontsto\u00dfstange passend f\u00fcr<\/LI><UL><LI>Audi A3 8P Baujahr 2003-2008<br \/>f\u00fcr die Modell-\/Karosserievariante(n) Schr\u00e4gheck als 3- und 5-t\u00fcrer<\/LI><\/UL><UL><LI>Audi A3 8PA Sportback Baujahr 2003-2008<br \/>f\u00fcr die Modell-\/Karosserievariante(n) Schr\u00e4gheck als 3- und 5-t\u00fcrer<\/LI><\/UL><LI>Mit fahrzeugspezifischem Teilegutachten f\u00fcr eine Anbauabnahme nach \u00a719.3 StVZO<\/LI><LI>Inkl. Montagezubeh\u00f6r, sofern notwendig<\/LI><LI>Inklusive Montageanleitung<\/LI><LI>Frontsto\u00dfstange ist aus dem innovativen und hochwertigen Material <b>Fiberflex<\/b> gefertigt. Die Vorteile dieses neuartigen Verbundwerkstoffes: Extrem hohe Flexibilit\u00e4t bei gleichzeitig gro\u00dfer Stabilit\u00e4t, Splitterfestigkeit, und Nichtentflammbarkeit. Eine sehr hohe Fertigungsqualit\u00e4t und das geringe Gewicht erlauben sogar einen Einsatz im Profirennsport. Die charakteristische schwarze Oberfl\u00e4che zeichnet sich durch gute Bearbeitungsm\u00f6glichkeiten aus und garantiert professionelle Ergebnisse. Produkte aus Fiberflex von CSR-Automotive eignen sich dank bester Schneid- und Klebeeigenschaften in hervorragender Weise f\u00fcr Reparatur- und weitere Umbauarbeiten.<\/LI><LI>Gleichm\u00e4\u00dfige Oberfl\u00e4chenstruktur erm\u00f6glicht eine Lackierung ohne gro\u00dfe Vorarbeiten (Produkt ist unlackiert)<\/LI><LI>Material ist flexibel<\/LI><LI>Bei den Baujahren 2003 bis 06\/2005 (vor Facelift) wird eine neue Motorhaube ben\u00f6tigt mit Audi ET-Nr. 8P4823029B<\/LI><LI>Nebellampenhalter und Nebellampen, sowie die Gitter sind im Lieferumfang nicht enthalten.<\/LI><LI>Grill ist im Lieferumfang nicht enthalten. Es wird ein Audi S3 Single Frame Grill ben\u00f6tigt.<\/LI><\/p>\n<p><LI>Passt nur in Verbindung mit einem<\/LI><\/p>\n<ul><LI>Audi S3 K\u00fchlergrill mit der Artikelnummer: 8P0 853 651 A 1RR<\/LI><LI>Nebellampenziergitter\/Nebellampen Artikelnummer Audi: 8PO 807 681 D, 8PO 807 682 C, 8PO 807 151 A, <br \/>8PO 807 152 A,8EO 941 699 C,8EO 941 700 C<\/LI><\/ul>\n","protected":false},"excerpt":{"rendered":"<p>Frontsch\u00fcrze \/ Spoiler mit fahrzeugspezifischem Teilegutachten<\/p>\n","protected":false},"featured_media":142969,"comment_status":"closed","ping_status":"open","template":"","meta":[],"product_cat":[],"product_tag":[12841],"class_list":{"0":"post-142968","1":"product","2":"type-product","3":"status-publish","4":"has-post-thumbnail","6":"product_tag-csr","7":"product_shipping_class-csr","9":"first","10":"instock","11":"taxable","12":"shipping-taxable","13":"purchasable","14":"product-type-simple"},"_links":{"self":[{"href":"https:\/\/mlin.es\/tienda\/wp-json\/wp\/v2\/product\/142968","targetHints":{"allow":["GET"]}}],"collection":[{"href":"https:\/\/mlin.es\/tienda\/wp-json\/wp\/v2\/product"}],"about":[{"href":"https:\/\/mlin.es\/tienda\/wp-json\/wp\/v2\/types\/product"}],"replies":[{"embeddable":true,"href":"https:\/\/mlin.es\/tienda\/wp-json\/wp\/v2\/comments?post=142968"}],"wp:featuredmedia":[{"embeddable":true,"href":"https:\/\/mlin.es\/tienda\/wp-json\/wp\/v2\/media\/142969"}],"wp:attachment":[{"href":"https:\/\/mlin.es\/tienda\/wp-json\/wp\/v2\/media?parent=142968"}],"wp:term":[{"taxonomy":"product_cat","embeddable":true,"href":"https:\/\/mlin.es\/tienda\/wp-json\/wp\/v2\/product_cat?post=142968"},{"taxonomy":"product_tag","embeddable":true,"href":"https:\/\/mlin.es\/tienda\/wp-json\/wp\/v2\/product_tag?post=142968"}],"curies":[{"name":"wp","href":"https:\/\/api.w.org\/{rel}","templated":true}]}}