{"id":142931,"date":"2026-03-03T17:12:16","date_gmt":"2026-03-03T16:12:16","guid":{"rendered":"https:\/\/mlin.es\/tienda\/producto\/parachoques-delantero-para-seat-ibiza-6k-cordoba-kc-vw-polo-fsk109\/"},"modified":"2026-03-03T17:12:17","modified_gmt":"2026-03-03T16:12:17","slug":"csr-fsk109","status":"publish","type":"product","link":"https:\/\/mlin.es\/tienda\/producto\/csr-fsk109\/","title":{"rendered":"CSR-FSK109"},"content":{"rendered":"<p><b>CSR-Automotive Frontsto\u00dfstange \/ Frontspoiler f\u00fcr Seat Ibiza 6K \/ Cordoba KC \/ VW Polo Classic<\/b><UL><LI>Frontsto\u00dfstange passend f\u00fcr<\/LI><UL><LI>Seat Ibiza 6K Baujahr 1993-1999<br \/>f\u00fcr die Modell-\/Karosserievariante(n) Schr\u00e4gheck<\/LI><\/UL><UL><LI>Seat Cordoba KC Baujahr 1993-1999<br \/>f\u00fcr die Modell-\/Karosserievariante(n) Stufenheck<\/LI><\/UL><UL><LI>VW Polo Classic Baujahr 1994-2001<br \/>f\u00fcr die Modell-\/Karosserievariante(n) Kombi \/ Stufenheck \/ Caddy<\/LI><\/UL><LI>Mit fahrzeugspezifischem Teilegutachten f\u00fcr eine Anbauabnahme nach \u00a719.3 StVZO<\/LI><LI>Inkl. Streckgitter<\/LI><LI>Inkl. Montagezubeh\u00f6r, sofern notwendig<\/LI><LI>Inklusive Montageanleitung<\/LI><LI>Frontsto\u00dfstange ist aus hochwertigem Material GFK gefertigt<\/LI><LI>Gleichm\u00e4\u00dfige Oberfl\u00e4chenstruktur erm\u00f6glicht eine Lackierung ohne gro\u00dfe Vorarbeiten (Produkt ist unlackiert)<\/LI><LI>Material ist flexibel<\/LI><\/UL><\/p>\n","protected":false},"excerpt":{"rendered":"<p>Frontsch\u00fcrze \/ Spoiler mit fahrzeugspezifischem Teilegutachten<\/p>\n","protected":false},"featured_media":142932,"comment_status":"closed","ping_status":"open","template":"","meta":[],"product_cat":[],"product_tag":[12841],"class_list":{"0":"post-142931","1":"product","2":"type-product","3":"status-publish","4":"has-post-thumbnail","6":"product_tag-csr","7":"product_shipping_class-csr","9":"first","10":"instock","11":"taxable","12":"shipping-taxable","13":"purchasable","14":"product-type-simple"},"_links":{"self":[{"href":"https:\/\/mlin.es\/tienda\/wp-json\/wp\/v2\/product\/142931","targetHints":{"allow":["GET"]}}],"collection":[{"href":"https:\/\/mlin.es\/tienda\/wp-json\/wp\/v2\/product"}],"about":[{"href":"https:\/\/mlin.es\/tienda\/wp-json\/wp\/v2\/types\/product"}],"replies":[{"embeddable":true,"href":"https:\/\/mlin.es\/tienda\/wp-json\/wp\/v2\/comments?post=142931"}],"wp:featuredmedia":[{"embeddable":true,"href":"https:\/\/mlin.es\/tienda\/wp-json\/wp\/v2\/media\/142932"}],"wp:attachment":[{"href":"https:\/\/mlin.es\/tienda\/wp-json\/wp\/v2\/media?parent=142931"}],"wp:term":[{"taxonomy":"product_cat","embeddable":true,"href":"https:\/\/mlin.es\/tienda\/wp-json\/wp\/v2\/product_cat?post=142931"},{"taxonomy":"product_tag","embeddable":true,"href":"https:\/\/mlin.es\/tienda\/wp-json\/wp\/v2\/product_tag?post=142931"}],"curies":[{"name":"wp","href":"https:\/\/api.w.org\/{rel}","templated":true}]}}