{"id":142864,"date":"2025-06-20T16:51:50","date_gmt":"2025-06-20T14:51:50","guid":{"rendered":"https:\/\/mlin.es\/tienda\/producto\/faldon-trasero-para-mercedes-benz-w210-ford-mondeo-mk3-hl019\/"},"modified":"2025-09-11T09:37:28","modified_gmt":"2025-09-11T07:37:28","slug":"faldon-trasero-para-mercedes-benz-w210-ford-mondeo-mk3-hl019","status":"publish","type":"product","link":"https:\/\/mlin.es\/tienda\/producto\/faldon-trasero-para-mercedes-benz-w210-ford-mondeo-mk3-hl019\/","title":{"rendered":"Fald\u00f3n trasero para Mercedes-Benz W210, Ford Mondeo MK3 HL019"},"content":{"rendered":"<p><b>Aler\u00f3n trasero CSR-Automotive para Mercedes-Benz W210, Ford Mondeo MK3<\/b><UL><LI>Aler\u00f3n trasero apto para<\/LI><UL><LI>Mercedes-Benz W210 a\u00f1o(s) de fabricaci\u00f3n 1995-2002<br \/>para el\/los modelo(s) sed\u00e1n<\/LI><\/UL><UL><LI>Ford Mondeo MK3 tipo BAY\/B5Y\/BWY a\u00f1o(s) de fabricaci\u00f3n 2000-2007<br \/>para el\/los modelo(s) tricuerpo<\/LI><\/UL><LI>Con certificado de piezas espec\u00edfico del veh\u00edculo para la aprobaci\u00f3n de la instalaci\u00f3n seg\u00fan \u00a7 19.3 StVZO<\/LI><LI>La instalaci\u00f3n es muy sencilla gracias a la tira adhesiva integrada y el aler\u00f3n se fija en segundos<\/LI><LI>El m\u00e9todo de fijaci\u00f3n, as\u00ed como las propiedades aerodin\u00e1micas y el comportamiento del material, est\u00e1n probados y homologados<\/LI><LI>Incluye instrucciones de instalaci\u00f3n<\/LI><LI>El aler\u00f3n trasero est\u00e1 fabricado con pl\u00e1stico flexible de alta calidad Pl\u00e1stico<\/LI><LI>El material es flexible<\/LI><LI>Im\u00e1genes comparativas: las im\u00e1genes muestran el art\u00edculo en un BMW E36 Cabriolet<\/LI><\/UL><\/p>\n","protected":false},"excerpt":{"rendered":"<p>Borde del aler\u00f3n\/borde con certificado de piezas espec\u00edfico del veh\u00edculo<\/p>\n","protected":false},"featured_media":142780,"comment_status":"closed","ping_status":"open","template":"","meta":[],"product_cat":[],"product_tag":[12841],"class_list":{"0":"post-142864","1":"product","2":"type-product","3":"status-publish","4":"has-post-thumbnail","6":"product_tag-csr","7":"product_shipping_class-csr","9":"first","10":"instock","11":"taxable","12":"shipping-taxable","13":"purchasable","14":"product-type-simple"},"_links":{"self":[{"href":"https:\/\/mlin.es\/tienda\/wp-json\/wp\/v2\/product\/142864","targetHints":{"allow":["GET"]}}],"collection":[{"href":"https:\/\/mlin.es\/tienda\/wp-json\/wp\/v2\/product"}],"about":[{"href":"https:\/\/mlin.es\/tienda\/wp-json\/wp\/v2\/types\/product"}],"replies":[{"embeddable":true,"href":"https:\/\/mlin.es\/tienda\/wp-json\/wp\/v2\/comments?post=142864"}],"wp:featuredmedia":[{"embeddable":true,"href":"https:\/\/mlin.es\/tienda\/wp-json\/wp\/v2\/media\/142780"}],"wp:attachment":[{"href":"https:\/\/mlin.es\/tienda\/wp-json\/wp\/v2\/media?parent=142864"}],"wp:term":[{"taxonomy":"product_cat","embeddable":true,"href":"https:\/\/mlin.es\/tienda\/wp-json\/wp\/v2\/product_cat?post=142864"},{"taxonomy":"product_tag","embeddable":true,"href":"https:\/\/mlin.es\/tienda\/wp-json\/wp\/v2\/product_tag?post=142864"}],"curies":[{"name":"wp","href":"https:\/\/api.w.org\/{rel}","templated":true}]}}