{"id":142862,"date":"2025-06-20T16:51:50","date_gmt":"2025-06-20T14:51:50","guid":{"rendered":"https:\/\/mlin.es\/tienda\/producto\/faldon-trasero-para-bmw-serie-5-e34-ford-mondeo-mk1-hl014\/"},"modified":"2025-09-11T09:37:21","modified_gmt":"2025-09-11T07:37:21","slug":"faldon-trasero-para-bmw-serie-5-e34-ford-mondeo-mk1-hl014","status":"publish","type":"product","link":"https:\/\/mlin.es\/tienda\/producto\/faldon-trasero-para-bmw-serie-5-e34-ford-mondeo-mk1-hl014\/","title":{"rendered":"Fald\u00f3n trasero para BMW Serie 5 E34, Ford Mondeo MK1 HL014"},"content":{"rendered":"<p>Aler\u00f3n trasero CSR-Automotive para BMW Serie 5 E34 y Ford Mondeo MK1. Aler\u00f3n trasero compatible con BMW Serie 5 E34, a\u00f1o de fabricaci\u00f3n 1987-1996, para modelos de tres puertas (sed\u00e1n). Ford Mondeo MK1 tipo GBP\/BNP (hasta el redise\u00f1o) a\u00f1o de fabricaci\u00f3n 1993-1996, para modelos de tres puertas (sed\u00e1n) y hatchback. Incluye certificado de piezas espec\u00edfico para el veh\u00edculo para la homologaci\u00f3n de la instalaci\u00f3n seg\u00fan el \u00a7 19.3 del StVZO. La instalaci\u00f3n es muy sencilla gracias a la tira adhesiva integrada y el aler\u00f3n se instala en segundos. El m\u00e9todo de fijaci\u00f3n, as\u00ed como las propiedades aerodin\u00e1micas y el comportamiento del material, han sido probados y homologados. Incluye montaje. Instrucciones.<\/LI><LI>El aler\u00f3n trasero est\u00e1 hecho de pl\u00e1stico flexible de alta calidad.<\/LI><LI>El material es flexible.<\/LI><LI>Im\u00e1genes comparativas: Las im\u00e1genes muestran el art\u00edculo en un BMW E36 Cabriolet.<\/LI><\/UL><\/p>\n","protected":false},"excerpt":{"rendered":"<p>Borde del aler\u00f3n\/borde con certificado de piezas espec\u00edfico del veh\u00edculo<\/p>\n","protected":false},"featured_media":142780,"comment_status":"closed","ping_status":"open","template":"","meta":[],"product_cat":[],"product_tag":[12841],"class_list":{"0":"post-142862","1":"product","2":"type-product","3":"status-publish","4":"has-post-thumbnail","6":"product_tag-csr","7":"product_shipping_class-csr","9":"first","10":"instock","11":"taxable","12":"shipping-taxable","13":"purchasable","14":"product-type-simple"},"_links":{"self":[{"href":"https:\/\/mlin.es\/tienda\/wp-json\/wp\/v2\/product\/142862","targetHints":{"allow":["GET"]}}],"collection":[{"href":"https:\/\/mlin.es\/tienda\/wp-json\/wp\/v2\/product"}],"about":[{"href":"https:\/\/mlin.es\/tienda\/wp-json\/wp\/v2\/types\/product"}],"replies":[{"embeddable":true,"href":"https:\/\/mlin.es\/tienda\/wp-json\/wp\/v2\/comments?post=142862"}],"wp:featuredmedia":[{"embeddable":true,"href":"https:\/\/mlin.es\/tienda\/wp-json\/wp\/v2\/media\/142780"}],"wp:attachment":[{"href":"https:\/\/mlin.es\/tienda\/wp-json\/wp\/v2\/media?parent=142862"}],"wp:term":[{"taxonomy":"product_cat","embeddable":true,"href":"https:\/\/mlin.es\/tienda\/wp-json\/wp\/v2\/product_cat?post=142862"},{"taxonomy":"product_tag","embeddable":true,"href":"https:\/\/mlin.es\/tienda\/wp-json\/wp\/v2\/product_tag?post=142862"}],"curies":[{"name":"wp","href":"https:\/\/api.w.org\/{rel}","templated":true}]}}