{"id":142786,"date":"2025-06-20T16:49:45","date_gmt":"2025-06-20T14:49:45","guid":{"rendered":"https:\/\/mlin.es\/tienda\/producto\/faldon-trasero-para-bmw-serie-3-e30-hl009\/"},"modified":"2025-09-11T09:35:37","modified_gmt":"2025-09-11T07:35:37","slug":"faldon-trasero-para-bmw-serie-3-e30-hl009","status":"publish","type":"product","link":"https:\/\/mlin.es\/tienda\/producto\/faldon-trasero-para-bmw-serie-3-e30-hl009\/","title":{"rendered":"Fald\u00f3n trasero para BMW Serie 3 E30 HL009"},"content":{"rendered":"<p>Aler\u00f3n trasero CSR-Automotive para BMW Serie 3 E30<\/b><UL><LI>Aler\u00f3n trasero compatible con BMW Serie 3 E30 fabricado entre 1984 y 1993<LI>Para modelos\/variantes de carrocer\u00eda: sed\u00e1n \/ Baur Topcabriolet \/ Cabriolet \/ M3 Cabriolet \/ M3 \/ Coup\u00e9<LI>Con certificado de piezas espec\u00edfico para el veh\u00edculo para la aprobaci\u00f3n de la instalaci\u00f3n seg\u00fan el \u00a7 19.3 del StVZO<LI>La instalaci\u00f3n es muy sencilla gracias a la tira adhesiva integrada y el aler\u00f3n se instala en segundos<LI>El m\u00e9todo de fijaci\u00f3n, as\u00ed como las propiedades aerodin\u00e1micas y el comportamiento del material, est\u00e1n probados y homologados<LI>Incluye instrucciones de instalaci\u00f3n<LI>El aler\u00f3n trasero est\u00e1 fabricado con pl\u00e1stico flexible de alta calidad<LI>Su superficie uniforme permite pintarlo sin necesidad de grandes preparativos (el producto no est\u00e1 pintado)<LI>El material es flexible<LI>Im\u00e1genes comparativas: las im\u00e1genes muestran el art\u00edculo en un BMW E36 Cabriolet<\/UL><\/p>\n","protected":false},"excerpt":{"rendered":"<p>Borde del aler\u00f3n\/borde con certificado de piezas espec\u00edfico del veh\u00edculo<\/p>\n","protected":false},"featured_media":142780,"comment_status":"closed","ping_status":"open","template":"","meta":[],"product_cat":[],"product_tag":[12841],"class_list":{"0":"post-142786","1":"product","2":"type-product","3":"status-publish","4":"has-post-thumbnail","6":"product_tag-csr","7":"product_shipping_class-csr","9":"first","10":"instock","11":"taxable","12":"shipping-taxable","13":"purchasable","14":"product-type-simple"},"_links":{"self":[{"href":"https:\/\/mlin.es\/tienda\/wp-json\/wp\/v2\/product\/142786","targetHints":{"allow":["GET"]}}],"collection":[{"href":"https:\/\/mlin.es\/tienda\/wp-json\/wp\/v2\/product"}],"about":[{"href":"https:\/\/mlin.es\/tienda\/wp-json\/wp\/v2\/types\/product"}],"replies":[{"embeddable":true,"href":"https:\/\/mlin.es\/tienda\/wp-json\/wp\/v2\/comments?post=142786"}],"wp:featuredmedia":[{"embeddable":true,"href":"https:\/\/mlin.es\/tienda\/wp-json\/wp\/v2\/media\/142780"}],"wp:attachment":[{"href":"https:\/\/mlin.es\/tienda\/wp-json\/wp\/v2\/media?parent=142786"}],"wp:term":[{"taxonomy":"product_cat","embeddable":true,"href":"https:\/\/mlin.es\/tienda\/wp-json\/wp\/v2\/product_cat?post=142786"},{"taxonomy":"product_tag","embeddable":true,"href":"https:\/\/mlin.es\/tienda\/wp-json\/wp\/v2\/product_tag?post=142786"}],"curies":[{"name":"wp","href":"https:\/\/api.w.org\/{rel}","templated":true}]}}