{"id":142672,"date":"2026-03-03T16:59:20","date_gmt":"2026-03-03T15:59:20","guid":{"rendered":"https:\/\/mlin.es\/tienda\/producto\/faldones-laterales-para-ford-opel-vw-seat-ss215\/"},"modified":"2026-03-03T16:59:20","modified_gmt":"2026-03-03T15:59:20","slug":"csr-ss215","status":"publish","type":"product","link":"https:\/\/mlin.es\/tienda\/producto\/csr-ss215\/","title":{"rendered":"CSR-SS215"},"content":{"rendered":"<p><b>CSR-Automotive Seitenschweller f\u00fcr Ford Escort MK5 MK6 MK7 \/ Opel Kadett E \/ VW Golf 2 \/ Golf 3 \/ Polo Classic \/ Polo Variant \/ Jetta 2 \/ Seat Ibiza 6K \/ Cordoba \/ Cordoba KC<\/b><UL><LI>Seitenschweller-Set (2 St\u00fcck) passend f\u00fcr <\/LI><UL><LI>Ford Escort MK5 MK6 MK7 Baujahr ab 1990<br \/>f\u00fcr die Modell-\/Karosserievariante(n) Flie\u00dfheck \/ Stufenheck \/ Turnier \/ Orion<\/LI><\/UL><UL><LI>Opel Kadett E Baujahr 1984-1991<br \/>f\u00fcr die Modell-\/Karosserievariante(n) Limousine \/ Schr\u00e4gheck \/ Stufenheck \/ Kombi \/ Cabriolet \/ Combo<\/LI><\/UL><UL><LI>VW Vento Baujahr 1992-1998<br \/>f\u00fcr die Modell-\/Karosserievariante(n) Stufenheck<\/LI><\/UL><UL><LI>VW Golf 2 Typ 19E Baujahr 1983-1992<br \/>f\u00fcr die Modell-\/Karosserievariante(n) Schr\u00e4gheck 3-\/5-t\u00fcrer<\/LI><\/UL><UL><LI>VW Golf 3 Baujahr 1991-1997<br \/>f\u00fcr die Modell-\/Karosserievariante(n) Schr\u00e4gheck \/ Kombi (Variant)<\/LI><\/UL><UL><LI>VW Polo Classic 6KV Baujahr 1997-2002<br \/>f\u00fcr die Modell-\/Karosserievariante(n) Stufenheck<\/LI><\/UL><UL><LI>VW Polo Variant 6KV5 Baujahr 1997-2002<br \/>f\u00fcr die Modell-\/Karosserievariante(n) Variant \/ Kombi<\/LI><\/UL><UL><LI>VW Jetta 2 Baujahr 1984-1992<br \/>f\u00fcr die Modell-\/Karosserievariante(n) Stufenheck<\/LI><\/UL><UL><LI>Seat Ibiza 6K Baujahr 1993-1999<br \/>f\u00fcr die Modell-\/Karosserievariante(n) Schr\u00e4gheck<\/LI><\/UL><UL><LI>Seat Cordoba Vario Baujahr 1997-2002<br \/>f\u00fcr die Modell-\/Karosserievariante(n) Variant \/ Kombi<\/LI><\/UL><UL><LI>Seat Cordoba KC Baujahr 1993-1999<br \/>f\u00fcr die Modell-\/Karosserievariante(n) Stufenheck<\/LI><\/UL><LI>Mit gutachterlicher Stellungnahme und somit eintragungsfrei<\/LI><LI>Inkl. Streckgitter<\/LI><LI>Inkl. Montagezubeh\u00f6r, sofern notwendig<\/LI><LI>Inklusive Montageanleitung<\/LI><LI>Seitenschweller ist aus hochwertigem Material GFK gefertigt<\/LI><LI>Gleichm\u00e4\u00dfige Oberfl\u00e4chenstruktur erm\u00f6glicht eine Lackierung ohne gro\u00dfe Vorarbeiten (Produkt ist unlackiert)<\/LI><LI>Material ist flexibel<\/LI><\/UL><\/p>\n","protected":false},"excerpt":{"rendered":"<p>Seitenschweller mit gutachterlicher Stellungnahme &#8211; eintragungsfrei<\/p>\n","protected":false},"featured_media":142673,"comment_status":"closed","ping_status":"open","template":"","meta":[],"product_cat":[],"product_tag":[12841],"class_list":{"0":"post-142672","1":"product","2":"type-product","3":"status-publish","4":"has-post-thumbnail","6":"product_tag-csr","7":"product_shipping_class-csr","9":"first","10":"instock","11":"taxable","12":"shipping-taxable","13":"purchasable","14":"product-type-simple"},"_links":{"self":[{"href":"https:\/\/mlin.es\/tienda\/wp-json\/wp\/v2\/product\/142672","targetHints":{"allow":["GET"]}}],"collection":[{"href":"https:\/\/mlin.es\/tienda\/wp-json\/wp\/v2\/product"}],"about":[{"href":"https:\/\/mlin.es\/tienda\/wp-json\/wp\/v2\/types\/product"}],"replies":[{"embeddable":true,"href":"https:\/\/mlin.es\/tienda\/wp-json\/wp\/v2\/comments?post=142672"}],"wp:featuredmedia":[{"embeddable":true,"href":"https:\/\/mlin.es\/tienda\/wp-json\/wp\/v2\/media\/142673"}],"wp:attachment":[{"href":"https:\/\/mlin.es\/tienda\/wp-json\/wp\/v2\/media?parent=142672"}],"wp:term":[{"taxonomy":"product_cat","embeddable":true,"href":"https:\/\/mlin.es\/tienda\/wp-json\/wp\/v2\/product_cat?post=142672"},{"taxonomy":"product_tag","embeddable":true,"href":"https:\/\/mlin.es\/tienda\/wp-json\/wp\/v2\/product_tag?post=142672"}],"curies":[{"name":"wp","href":"https:\/\/api.w.org\/{rel}","templated":true}]}}