{"id":142646,"date":"2026-03-03T16:57:49","date_gmt":"2026-03-03T15:57:49","guid":{"rendered":"https:\/\/mlin.es\/tienda\/producto\/faldones-laterales-para-bmw-serie-3-e30-ss119\/"},"modified":"2026-03-03T16:57:50","modified_gmt":"2026-03-03T15:57:50","slug":"csr-ss119","status":"publish","type":"product","link":"https:\/\/mlin.es\/tienda\/producto\/csr-ss119\/","title":{"rendered":"CSR-SS119"},"content":{"rendered":"<p><b>CSR-Automotive Seitenschweller f\u00fcr BMW E30 3er<\/b><UL><LI>Seitenschweller-Set (2 St\u00fcck) passend f\u00fcr BMW E30 3er Baujahr 1982-1994<LI>f\u00fcr Modell-\/Karosserievariante(n) Coup\u00e9\/Cabrio\/Limo\/Touring<LI>Mit gutachterlicher Stellungnahme und somit eintragungsfrei<LI>Inkl. Montagezubeh\u00f6r, sofern notwendig<LI>Inklusive Montageanleitung<LI>Seitenschweller ist aus hochwertigem Material GFK gefertigt<LI>Gleichm\u00e4\u00dfige Oberfl\u00e4chenstruktur erm\u00f6glicht eine Lackierung ohne gro\u00dfe Vorarbeiten (Produkt ist unlackiert)<LI>Material ist flexibel<\/UL><\/p>\n","protected":false},"excerpt":{"rendered":"<p>Seitenschweller mit gutachterlicher Stellungnahme &#8211; eintragungsfrei<\/p>\n","protected":false},"featured_media":142647,"comment_status":"closed","ping_status":"open","template":"","meta":[],"product_cat":[],"product_tag":[12841],"class_list":{"0":"post-142646","1":"product","2":"type-product","3":"status-publish","4":"has-post-thumbnail","6":"product_tag-csr","7":"product_shipping_class-csr","9":"first","10":"instock","11":"taxable","12":"shipping-taxable","13":"purchasable","14":"product-type-simple"},"_links":{"self":[{"href":"https:\/\/mlin.es\/tienda\/wp-json\/wp\/v2\/product\/142646","targetHints":{"allow":["GET"]}}],"collection":[{"href":"https:\/\/mlin.es\/tienda\/wp-json\/wp\/v2\/product"}],"about":[{"href":"https:\/\/mlin.es\/tienda\/wp-json\/wp\/v2\/types\/product"}],"replies":[{"embeddable":true,"href":"https:\/\/mlin.es\/tienda\/wp-json\/wp\/v2\/comments?post=142646"}],"wp:featuredmedia":[{"embeddable":true,"href":"https:\/\/mlin.es\/tienda\/wp-json\/wp\/v2\/media\/142647"}],"wp:attachment":[{"href":"https:\/\/mlin.es\/tienda\/wp-json\/wp\/v2\/media?parent=142646"}],"wp:term":[{"taxonomy":"product_cat","embeddable":true,"href":"https:\/\/mlin.es\/tienda\/wp-json\/wp\/v2\/product_cat?post=142646"},{"taxonomy":"product_tag","embeddable":true,"href":"https:\/\/mlin.es\/tienda\/wp-json\/wp\/v2\/product_tag?post=142646"}],"curies":[{"name":"wp","href":"https:\/\/api.w.org\/{rel}","templated":true}]}}