{"id":142625,"date":"2026-03-03T16:56:56","date_gmt":"2026-03-03T15:56:56","guid":{"rendered":"https:\/\/mlin.es\/tienda\/producto\/faldones-laterales-para-audi-a3-8l-ss201\/"},"modified":"2026-03-03T16:56:57","modified_gmt":"2026-03-03T15:56:57","slug":"csr-ss201","status":"publish","type":"product","link":"https:\/\/mlin.es\/tienda\/producto\/csr-ss201\/","title":{"rendered":"CSR-SS201"},"content":{"rendered":"<p><b>CSR-Automotive Seitenschweller f\u00fcr Audi A3 8L<\/b><UL><LI>Seitenschweller-Set (2 St\u00fcck) passend f\u00fcr Audi A3 8L Baujahr 1996-2003<\/LI><LI>f\u00fcr Modell-\/Karosserievariante(n) Schr\u00e4gheck<\/LI><LI>Mit gutachterlicher Stellungnahme und somit eintragungsfrei<\/LI><LI>Inkl. Streckgitter<\/LI><LI>Inkl. Montagezubeh\u00f6r, sofern notwendig<\/LI><LI>Inklusive Montageanleitung<\/LI><LI>Seitenschweller ist aus hochwertigem Material ABS gefertigt und dadurch qualitativ sehr hochwertig und nahezu Erstausr\u00fcsterqualit\u00e4t<\/LI><LI>Gleichm\u00e4\u00dfige Oberfl\u00e4chenstruktur erm\u00f6glicht eine Lackierung ohne gro\u00dfe Vorarbeiten (Produkt ist unlackiert)<\/LI><LI>Material ist flexibel<\/LI><\/UL><\/p>\n","protected":false},"excerpt":{"rendered":"<p>Seitenschweller mit gutachterlicher Stellungnahme &#8211; eintragungsfrei<\/p>\n","protected":false},"featured_media":142626,"comment_status":"closed","ping_status":"open","template":"","meta":[],"product_cat":[],"product_tag":[12841],"class_list":{"0":"post-142625","1":"product","2":"type-product","3":"status-publish","4":"has-post-thumbnail","6":"product_tag-csr","7":"product_shipping_class-csr","9":"first","10":"instock","11":"taxable","12":"shipping-taxable","13":"purchasable","14":"product-type-simple"},"_links":{"self":[{"href":"https:\/\/mlin.es\/tienda\/wp-json\/wp\/v2\/product\/142625","targetHints":{"allow":["GET"]}}],"collection":[{"href":"https:\/\/mlin.es\/tienda\/wp-json\/wp\/v2\/product"}],"about":[{"href":"https:\/\/mlin.es\/tienda\/wp-json\/wp\/v2\/types\/product"}],"replies":[{"embeddable":true,"href":"https:\/\/mlin.es\/tienda\/wp-json\/wp\/v2\/comments?post=142625"}],"wp:featuredmedia":[{"embeddable":true,"href":"https:\/\/mlin.es\/tienda\/wp-json\/wp\/v2\/media\/142626"}],"wp:attachment":[{"href":"https:\/\/mlin.es\/tienda\/wp-json\/wp\/v2\/media?parent=142625"}],"wp:term":[{"taxonomy":"product_cat","embeddable":true,"href":"https:\/\/mlin.es\/tienda\/wp-json\/wp\/v2\/product_cat?post=142625"},{"taxonomy":"product_tag","embeddable":true,"href":"https:\/\/mlin.es\/tienda\/wp-json\/wp\/v2\/product_tag?post=142625"}],"curies":[{"name":"wp","href":"https:\/\/api.w.org\/{rel}","templated":true}]}}