{"id":142591,"date":"2026-03-03T16:55:02","date_gmt":"2026-03-03T15:55:02","guid":{"rendered":"https:\/\/mlin.es\/tienda\/producto\/faros-antiniebla-compatibles-con-bmw-e30-e36-e46-e39-zb025\/"},"modified":"2026-03-03T16:55:02","modified_gmt":"2026-03-03T15:55:02","slug":"csr-zb025","status":"publish","type":"product","link":"https:\/\/mlin.es\/tienda\/producto\/csr-zb025\/","title":{"rendered":"CSR-ZB025"},"content":{"rendered":"<p><b>Nebellampen passend f\u00fcr BMW E30 E36 E46 E39<\/b><UL><LI>1 x Nebellampen Paar &#8211; links \/ rechts<LI>zum Nachr\u00fcsten<LI>Nebellampen passen f\u00fcr folgende CSR Single Frame Frontsto\u00dfstangen  <\/p>\n<table border=\"1\">\n<tr>\n<td><font size =1>FSK020 &#8211; BMW E46 3er<\/font><\/td>\n<td><font size =1>FSK024 &#8211; BMW E36 3er<\/font><\/td>\n<td><font size =1>FSK084 &#8211; BMW E39 5er<\/font><\/td>\n<\/tr>\n<tr>\n<td><font size =1>FSK105 &#8211; BMW E30 3er<\/font><\/td>\n<td><font size =1>FSK119 &#8211; BMW E46 3er<\/font><\/td>\n<\/tr>\n<\/table>\n<p><\/UL><\/p>\n","protected":false},"excerpt":{"rendered":"<p>Nebellampen passend f\u00fcr BMW E30 E36 E46 E391 x Nebellampen Paar &#8211; links \/ rechtszum Nachr\u00fcstenNebellampen passen f\u00fcr folgende CSR Single Frame Frontsto\u00dfstangen FSK020 &#8211; BMW E46 3er FSK024 &#8211; BMW E36 3er FSK084 &#8211; BMW E39 5er FSK105 &#8211; BMW E30 3er FSK119 &#8211; BMW E46 3er<\/p>\n","protected":false},"featured_media":142592,"comment_status":"closed","ping_status":"open","template":"","meta":[],"product_cat":[],"product_tag":[12841],"class_list":{"0":"post-142591","1":"product","2":"type-product","3":"status-publish","4":"has-post-thumbnail","6":"product_tag-csr","7":"product_shipping_class-csr","9":"first","10":"instock","11":"taxable","12":"shipping-taxable","13":"purchasable","14":"product-type-simple"},"_links":{"self":[{"href":"https:\/\/mlin.es\/tienda\/wp-json\/wp\/v2\/product\/142591","targetHints":{"allow":["GET"]}}],"collection":[{"href":"https:\/\/mlin.es\/tienda\/wp-json\/wp\/v2\/product"}],"about":[{"href":"https:\/\/mlin.es\/tienda\/wp-json\/wp\/v2\/types\/product"}],"replies":[{"embeddable":true,"href":"https:\/\/mlin.es\/tienda\/wp-json\/wp\/v2\/comments?post=142591"}],"wp:featuredmedia":[{"embeddable":true,"href":"https:\/\/mlin.es\/tienda\/wp-json\/wp\/v2\/media\/142592"}],"wp:attachment":[{"href":"https:\/\/mlin.es\/tienda\/wp-json\/wp\/v2\/media?parent=142591"}],"wp:term":[{"taxonomy":"product_cat","embeddable":true,"href":"https:\/\/mlin.es\/tienda\/wp-json\/wp\/v2\/product_cat?post=142591"},{"taxonomy":"product_tag","embeddable":true,"href":"https:\/\/mlin.es\/tienda\/wp-json\/wp\/v2\/product_tag?post=142591"}],"curies":[{"name":"wp","href":"https:\/\/api.w.org\/{rel}","templated":true}]}}