{"id":142405,"date":"2026-03-03T16:45:51","date_gmt":"2026-03-03T15:45:51","guid":{"rendered":"https:\/\/mlin.es\/tienda\/producto\/cubierta-de-ventana-trasera-para-bmw-serie-3-coupe-e36-hsb009\/"},"modified":"2026-03-03T16:45:51","modified_gmt":"2026-03-03T15:45:51","slug":"csr-hsb009","status":"publish","type":"product","link":"https:\/\/mlin.es\/tienda\/producto\/csr-hsb009\/","title":{"rendered":"CSR-HSB009"},"content":{"rendered":"<p><b>CSR-Automotive Heckscheibenblende f\u00fcr BMW E36 3er<\/b><UL><LI>Heckscheibenblende passend f\u00fcr BMW E36 3er Baujahr 1990-2000<LI>f\u00fcr Modell-\/Karosserievariante(n) Coupe &#8211; nicht passend f\u00fcr Limousine!<LI>Mit gutachterlicher Stellungnahme und somit eintragungsfrei<LI>Inkl. Montagezubeh\u00f6r, sofern notwendig<LI>Inklusive Montageanleitung<LI>Heckscheibenblende ist aus hochwertigem Material ABS gefertigt<LI>Gleichm\u00e4\u00dfige Oberfl\u00e4chenstruktur erm\u00f6glicht eine Lackierung ohne gro\u00dfe Vorarbeiten (Produkt ist unlackiert)<LI>Material ist flexibel<\/UL><\/p>\n","protected":false},"excerpt":{"rendered":"<p>Spoiler \/ Heckblende mit gutachterlicher Stellungnahme &#8211; eintragungsfrei<\/p>\n","protected":false},"featured_media":142406,"comment_status":"closed","ping_status":"open","template":"","meta":[],"product_cat":[],"product_tag":[12841],"class_list":{"0":"post-142405","1":"product","2":"type-product","3":"status-publish","4":"has-post-thumbnail","6":"product_tag-csr","7":"product_shipping_class-csr","9":"first","10":"instock","11":"taxable","12":"shipping-taxable","13":"purchasable","14":"product-type-simple"},"_links":{"self":[{"href":"https:\/\/mlin.es\/tienda\/wp-json\/wp\/v2\/product\/142405","targetHints":{"allow":["GET"]}}],"collection":[{"href":"https:\/\/mlin.es\/tienda\/wp-json\/wp\/v2\/product"}],"about":[{"href":"https:\/\/mlin.es\/tienda\/wp-json\/wp\/v2\/types\/product"}],"replies":[{"embeddable":true,"href":"https:\/\/mlin.es\/tienda\/wp-json\/wp\/v2\/comments?post=142405"}],"wp:featuredmedia":[{"embeddable":true,"href":"https:\/\/mlin.es\/tienda\/wp-json\/wp\/v2\/media\/142406"}],"wp:attachment":[{"href":"https:\/\/mlin.es\/tienda\/wp-json\/wp\/v2\/media?parent=142405"}],"wp:term":[{"taxonomy":"product_cat","embeddable":true,"href":"https:\/\/mlin.es\/tienda\/wp-json\/wp\/v2\/product_cat?post=142405"},{"taxonomy":"product_tag","embeddable":true,"href":"https:\/\/mlin.es\/tienda\/wp-json\/wp\/v2\/product_tag?post=142405"}],"curies":[{"name":"wp","href":"https:\/\/api.w.org\/{rel}","templated":true}]}}